{"id":1182,"date":"2019-06-04T11:33:25","date_gmt":"2019-06-04T11:33:25","guid":{"rendered":"https:\/\/portugaleasycamp.com\/?page_id=1182"},"modified":"2025-08-14T13:45:07","modified_gmt":"2025-08-14T13:45:07","slug":"termoscondicoes","status":"publish","type":"page","link":"https:\/\/portugaleasycamp.com\/fr\/termoscondicoes\/","title":{"rendered":"Termos e Condi\u00e7\u00f5es"},"content":{"rendered":"<p>[vc_row][vc_column][vc_column_text]<\/p>\r\n<h2><u>Termes &#038; Conditions<\/u><\/h2>\r\n<p>Veuillez lire attentivement ces conditions d&#8217;utilisation avant d&#8217;utiliser le site web Portugal Easycamp. En acc\u00e9dant au site Web Portugal Easycamp, vous acceptez les pr\u00e9sentes conditions d&#8217;utilisation et la politique de confidentialit\u00e9, dans leur int\u00e9gralit\u00e9 et sans r\u00e9serve, et vous acceptez de les respecter. Si vous n&#8217;acceptez pas ces conditions d&#8217;utilisation, veuillez ne pas utiliser le site web Portugal Easycamp et vous ne serez pas autoris\u00e9 \u00e0 utiliser les informations et \/ou les services contenus dans celles-ci.<\/p>\r\n<h4>Acc\u00e8s au site<\/h4>\r\n<p>Portugal Easycamp se r\u00e9serve le droit, \u00e0 sa discr\u00e9tion et sans aucune obligation de pr\u00e9avis, de modifier, de bloquer l&#8217;acc\u00e8s ou de suspendre temporairement ou d\u00e9finitivement la consultation du site Web, en tout ou en partie, ou des informations qu&#8217;il contient. Portugal Easycamp ne sera pas responsable si pour une raison quelconque le site Internet s&#8217;av\u00e8re indisponible \u00e0 tout moment et pour toute p\u00e9riode de temps.<\/p>\r\n<h4>Utilisations interdite<\/h4>\r\n<p>L\u2019utilisateur n\u2019accepte qu&#8217;aucun acte susceptible de causer des dommages ou de mettre en danger l&#8217;int\u00e9grit\u00e9, la continuit\u00e9 ou la qualit\u00e9 du site, \u00e0 savoir:<\/p>\r\n<ul>\r\n<li>violation des syst\u00e8mes d&#8217;authentification ou de s\u00e9curit\u00e9 prot\u00e9geant les comptes d&#8217;acc\u00e8s, les serveurs, les services ou les r\u00e9seaux;<\/li>\r\n<li>acc\u00e8s non autoris\u00e9 ou obtention de donn\u00e9es superflues, personnelles ou autres, interdisant tout type de pratique de <em>Phishing<\/em>;<\/li>\r\n<li>Enqu\u00eates non autoris\u00e9es sur les vuln\u00e9rabilit\u00e9s ou les d\u00e9faillances des comptes d&#8217;acc\u00e8s, des serveurs, des services et des r\u00e9seaux, en particulier la d\u00e9tection syst\u00e9matique de la r\u00e9ponse des services.<\/li>\r\n<\/ul>\r\n<h4>Limitation de responsabilit\u00e9 de Portugal Easycamp<\/h4>\r\n<p>Portugal Easycamp ne pourra \u00eatre tenu responsable des probl\u00e8mes et\/ou du mauvais fonctionnement de l&#8217;ordinateur, du syst\u00e8me en ligne, du serveur ou du fournisseur de services internet.<\/p>\r\n<h4>Droits de propri\u00e9t\u00e9 intellectuelle<\/h4>\r\n<p>La marque, les logos et tous les autres symboles constitutifs de Portugal Easycamp sont d\u00fbment enregistr\u00e9s et appartiennent donc exclusivement \u00e0 Portugal Easycamp.<\/p>\r\n<p>Toute utilisation non autoris\u00e9e est interdite. L&#8217;ensemble du contenu de ce site web, y compris les programmes, les codes binaires, la mise en page, le texte, la documentation, les images, les graphiques et les reproductions photographiques, appartient \u00e0 Portugal Easycamp et est donc prot\u00e9g\u00e9 par les lois nationales et internationales sur le droit d&#8217;auteur.<\/p>\r\n<p>Vous ne devez pas copier, t\u00e9l\u00e9charger, reproduire, distribuer, transmettre ou utiliser de quelque mani\u00e8re que ce soit les informations \/ le contenu du site web Portugal Easycamp, sauf pour votre consommation personnelle, une utilisation non commerciale ou sans l&#8217;autorisation \u00e9crite pr\u00e9alable de Portugal Easycamp.<\/p>\r\n<p>Aucune disposition des pr\u00e9sentes conditions d&#8217;utilisation ne saurait \u00eatre interpr\u00e9t\u00e9e comme une cession de droits, titres ou int\u00e9r\u00eats sur le site web Portugal Easycamp ou son contenu \u00e0 une entit\u00e9 quelconque.<\/p>\r\n<h4>Liens vers d&#8217;autres sites web<\/h4>\r\n<p>Le site Portugal Easycamp contient des liens vers d&#8217;autres sites web appartenant \u00e0 des tiers. Portugal Easycamp n&#8217;est pas responsable de l&#8217;examen ou de l&#8217;\u00e9valuation, et ne garantit pas les produits ou offres de ces entreprises ou personnes, ni l&#8217;exactitude de ces sites.<\/p>\r\n<p>Portugal Easycamp n&#8217;assume aucune responsabilit\u00e9 pour les actions, produits et contenus des sites Web auxquels ce site est li\u00e9. Avant d&#8217;acc\u00e9der \u00e0 un site web tiers, vous devez consulter les conditions d&#8217;utilisation applicables et les r\u00e8gles de ce site web.<\/p>\r\n<h4>Modifications des conditions d&#8217;utilisation<\/h4>\r\n<p>Portugal Easycamp se r\u00e9serve le droit de modifier, ajouter ou supprimer tout ou partie de ces conditions, sans obligation de les communiquer \u00e0 l&#8217;avance. Toute modification sera effective \u00e0 compter de la date de sa publication sur le site.<\/p>\r\n<p>Les conditions d&#8217;utilisation publi\u00e9es sont mises \u00e0 jour. L&#8217;utilisateur s&#8217;engage \u00e0 v\u00e9rifier r\u00e9guli\u00e8rement ces conditions et est conscient que l&#8217;utilisation du site internet apr\u00e8s les modifications appropri\u00e9es implique l&#8217;acceptation pleine et enti\u00e8re de celles-ci.<\/p>\r\n<h4>Loi applicable et juridiction<\/h4>\r\n<p>Vous \u00eates conscient du fait que les pr\u00e9sentes conditions d&#8217;utilisation, la politique de confidentialit\u00e9 et toutes les autres informations publi\u00e9es sur ce site sont disponibles en portugais, en fran\u00e7ais et en anglais et que cet instrument est r\u00e9gi par le droit portugais.<\/p>\r\n<p>Tout litige d\u00e9coulant du contenu du site web Portugal Easycamp est de la comp\u00e9tence du tribunal de grande instance de Lisboa, avec renonciation expresse \u00e0 tout autre. Portugal Easycamp peut toutefois, \u00e0 sa discr\u00e9tion, intenter une action en justice contre tout utilisateur qui enfreint les pr\u00e9sentes Conditions d&#8217;utilisation dans toute juridiction qu&#8217;il juge appropri\u00e9e dans les circonstances.<\/p>\r\n<h4>Paiements<\/h4>\r\n<p>Portugal EasyCamp fournit \u00e0 l&#8217;utilisateur des m\u00e9thodes de paiement via Paypal et par carte de cr\u00e9dit.<\/p>\r\n<p>Au moment de l&#8217;achat du panier, l&#8217;utilisateur est invit\u00e9 \u00e0 effectuer le paiement en ayant la possibilit\u00e9 de choisir l&#8217;option souhait\u00e9e.<\/p>\r\n<p>Portugal EasyCamp utilise des syst\u00e8mes de traitement de paiement qui garantissent s\u00e9curit\u00e9, rapidit\u00e9 et simplicit\u00e9 dans vos achats.<\/p>\r\n<p>Les achats peuvent \u00eatre pay\u00e9es directement sur votre compte PayPal en transf\u00e9rant des fonds \u00e0 Portugal EasyCamp sans avoir \u00e0 fournir les d\u00e9tails de votre carte de cr\u00e9dit.<\/p>\r\n<p>Les frais li\u00e9s au processus de paiement en ligne seront pris en charge par Portugal EasyCamp.<\/p>\r\n<p>Les prix des produits incluent la TVA aux taux l\u00e9gaux en vigueur dans la l\u00e9gislation portugaise.<\/p>\r\n<h4>Politique d&#8217;annulation<\/h4>\r\n<p>La politique d&#8217;annulation couvre toutes les annulations, qu&#8217;elles soient g\u00e9n\u00e9r\u00e9es \u00e0 l&#8217;initiative du client ou \u00e0 l&#8217;initiative du partenaire.<\/p>\r\n<p>Il incombe \u00e0 Portugal EasyCamp de g\u00e9rer le processus de retour client.<\/p>\r\n<p>Les fonds seront retourn\u00e9s au client en utilisant le mode de paiement utilis\u00e9. Si l&#8217;annulation intervient \u00e0 l&#8217;initiative du partenaire, celle-ci sera int\u00e9gralement rembours\u00e9e.<\/p>\r\n<p>En cas d&#8217;annulation effectu\u00e9e par le client \u00e0 l&#8217;initiative moins de 48 heures avant la journ\u00e9e r\u00e9serv\u00e9e, le montant total vers\u00e9 sera rembours\u00e9 au client, d\u00e9duction faite des frais de retour de\u00a0 5\u20ac (frais de traitement).<\/p>\r\n<p>En cas d&#8217;annulation tardive, si vous ne vous \u00eates pas enti\u00e8rement conform\u00e9 \u00e0 la politique d&#8217;annulation, une partie ou la totalit\u00e9 du montant pay\u00e9 par le panier de produits pourra \u00eatre retenue.<\/p>\r\n<p>Si vous ne conformez pas pleinement \u00e0 la politique d&#8217;annulation ou ne vous pr\u00e9sentez pas \u00e0 la ferme le jour pr\u00e9vu, vous ne serez pas rembours\u00e9. Le remboursement des fonds en cas de remboursement au client sera effectu\u00e9 dans un d\u00e9lai maximum de 30 (trente) jours.<\/p>\r\n<p>Si vous souhaitez annuler, veuillez nous contacter par courrier \u00e9lectronique: <strong>info@portugaleasycamp.com<\/strong>.<\/p>\r\n<h4>Contact<\/h4>\r\n<p>En cas de probl\u00e8me ou pour obtenir des informations suppl\u00e9mentaires sur le site Web Portugal Easycamp et les pr\u00e9sentes conditions d&#8217;utilisation, veuillez nous contacter par courrier \u00e9lectronique: <strong>info@portugaleasycamp.com<\/strong>.<\/p>\r\n<p>&nbsp;<\/p>\r\n<h2><u>Code de Conduite<\/u><\/h2>\r\n<h5>Veulliez respecter les r\u00e8gles suivantes:<\/h5>\r\n<p>Veulliez accepter toute restriction impos\u00e9e par votre h\u00f4te;<\/p>\r\n<p>N&#8217;oubliez pas que <strong>le montant pay\u00e9 correspond exclusivement \u00e0 un panier de produits de la ferme<\/strong> qui vous sera livr\u00e9 \u00e0 votre arriv\u00e9e. <strong>La nuit\u00e9e dans la propri\u00e9t\u00e9 est une invitation<\/strong> du propri\u00e9taire.<\/p>\r\n<p>Rappelez-vous que le propri\u00e9taire se r\u00e9serve le droit de refuser que vous s\u00e9journiez dans sa propri\u00e9t\u00e9. Vous \u00eates un invite, et vous devrez agir en tant que tel;<\/p>\r\n<p>Veulliez arriver pendant l&#8217;horaire d&#8217;ouverture, sinon vous ne pourrez pas retirer votre pack et les acc\u00e8s pourront \u00eatre ferm\u00e9s;<\/p>\r\n<p>Rappelez-vous que vous n&#8217;\u00eates pas sur un camping, vous ne pouvez donc pas installer une tente ou tout autre type d&#8217;\u00e9quipement sans en avoir l&#8217;autorisation;<\/p>\r\n<p>Veuillez \u00e1 stationner \u00e0 l&#8217;emplacement indique par votre h\u00f4te;<\/p>\r\n<p>Ne faites jamais de feu de camp, et \u00e9viter de faire beaucoup de bruit &#8211; rappelez-vous, vous \u00eates l&#8217;invit\u00e9 d&#8217;une famille qui normalement habite et travaille dans cette propri\u00e9t\u00e9;<\/p>\r\n<p><strong>Votre s\u00e9jour est gratuit<\/strong>, ne vous attendez donc pas \u00e0 utiliser des infractutures comme si vous \u00e9tiez dans un camping, n&#8217;utilisez ni de l&#8217;\u00e9letricict\u00e9 ni de l&#8217;eau sans l&#8217;autorisation de votre h\u00f4te;<\/p>\r\n<p><strong>Les animaux de compagnies<\/strong> peuvent ne pas \u00eatre admis; mais veulliez v\u00e9rifier auparavant. S&#8217;ils sont autoris\u00e9s, tenez-les en laisse;<\/p>\r\n<p>Pour des raison personnelles ou priv\u00e9es, votre h\u00f4te pourra parfois ne pas \u00eatre disponible, veulliez respecter cette situation;<\/p>\r\n<p><strong>Ne prolongez pas<\/strong>, votre s\u00e9jour pendant plus de 24 heures;<\/p>\r\n<p>Votre s\u00e9curit\u00e9 d\u00e9pend de vous, veuillez \u00e0 toujours v\u00e9rifier auparavant si vous pouvez vous promener dans la propri\u00e9t\u00e9 et respectez toutes les restricitions existantes;<\/p>\r\n<p><strong>Vous \u00eates responsable <\/strong>pour tous dommages caus\u00e9 par votre camping-car et\/ou occupants dans le domaine<b>;<\/b><\/p>\r\n<p><strong>Les enfants doivent toujours \u00eatre sous surveillance<\/strong> et \u00e9loign\u00e9s de tout \u00e9quipement; rappelez-vous que la plus part des espaces sont des lieux de travail et non pas un espace de loisirs pour enfants;<\/p>\r\n<p><strong>Gardez vos propres d\u00e9chets<\/strong>, sauf si on vous autorize \u00e0 utiliser les poubelles de la propri\u00e9t\u00e9.<\/p>\r\n<p>Les domaines ne peuvent avoir quelque responsabilit\u00e9 sur dommages ou vols dans les camping-cars.<\/p>\r\n<p>[\/vc_column_text][\/vc_column][vc_column][\/vc_column][\/vc_row]<\/p>","protected":false},"excerpt":{"rendered":"<p>[vc_row][vc_column][vc_column_text] Termes &#038; Conditions Veuillez lire attentivement ces conditions d&#8217;utilisation avant d&#8217;utiliser le site web Portugal Easycamp. En acc\u00e9dant au site Web Portugal Easycamp, vous acceptez les pr\u00e9sentes conditions d&#8217;utilisation et la politique de confidentialit\u00e9, dans leur int\u00e9gralit\u00e9 et sans r\u00e9serve, et vous acceptez de les respecter. Si vous n&#8217;acceptez pas ces conditions d&#8217;utilisation, veuillez [&hellip;]<\/p>\n<div class='heateor_sss_sharing_container heateor_sss_vertical_sharing' style='width:34px;right: -5px;top: 100px;-webkit-box-shadow:none;box-shadow:none;' data-heateor-sss-href='https:\/\/portugaleasycamp.com\/fr\/wp-json\/wp\/v2\/pages\/1182'><div class=\"heateor_sss_sharing_ul\"><a aria-label=\"Facebook\" class=\"heateor_sss_facebook\" href=\"https:\/\/www.facebook.com\/sharer\/sharer.php?u=https%3A%2F%2Fportugaleasycamp.com%2Ffr%2Fwp-json%2Fwp%2Fv2%2Fpages%2F1182\" title=\"Facebook\" rel=\"nofollow noopener\" target=\"_blank\" style=\"font-size:32px!important;box-shadow:none;display:inline-block;vertical-align:middle\"><span class=\"heateor_sss_svg\" style=\"background-color:#0765FE;width:30px;height:30px;border-radius:999px;display:inline-block;opacity:1;float:left;font-size:32px;box-shadow:none;display:inline-block;font-size:16px;padding:0 4px;vertical-align:middle;background-repeat:repeat;overflow:hidden;padding:0;cursor:pointer;box-sizing:content-box\"><svg style=\"display:block;border-radius:999px;\" focusable=\"false\" aria-hidden=\"true\" xmlns=\"http:\/\/www.w3.org\/2000\/svg\" width=\"100%\" height=\"100%\" viewBox=\"0 0 32 32\"><path fill=\"#fff\" d=\"M28 16c0-6.627-5.373-12-12-12S4 9.373 4 16c0 5.628 3.875 10.35 9.101 11.647v-7.98h-2.474V16H13.1v-1.58c0-4.085 1.849-5.978 5.859-5.978.76 0 2.072.15 2.608.298v3.325c-.283-.03-.775-.045-1.386-.045-1.967 0-2.728.745-2.728 2.683V16h3.92l-.673 3.667h-3.247v8.245C23.395 27.195 28 22.135 28 16Z\"><\/path><\/svg><\/span><\/a><a aria-label=\"Whatsapp\" class=\"heateor_sss_whatsapp\" href=\"https:\/\/api.whatsapp.com\/send?text=PORTUGAL%20EASYCAMP%20-%20DOMAINES%20POUR%20LA%20NUIT%20EN%20CAMPING-CAR%20https%3A%2F%2Fportugaleasycamp.com%2Ffr%2Fwp-json%2Fwp%2Fv2%2Fpages%2F1182\" title=\"Whatsapp\" rel=\"nofollow noopener\" target=\"_blank\" style=\"font-size:32px!important;box-shadow:none;display:inline-block;vertical-align:middle\"><span class=\"heateor_sss_svg\" style=\"background-color:#55eb4c;width:30px;height:30px;border-radius:999px;display:inline-block;opacity:1;float:left;font-size:32px;box-shadow:none;display:inline-block;font-size:16px;padding:0 4px;vertical-align:middle;background-repeat:repeat;overflow:hidden;padding:0;cursor:pointer;box-sizing:content-box\"><svg style=\"display:block;border-radius:999px;\" focusable=\"false\" aria-hidden=\"true\" xmlns=\"http:\/\/www.w3.org\/2000\/svg\" width=\"100%\" height=\"100%\" viewBox=\"-6 -5 40 40\"><path class=\"heateor_sss_svg_stroke heateor_sss_no_fill\" stroke=\"#fff\" stroke-width=\"2\" fill=\"none\" d=\"M 11.579798566743314 24.396926207859085 A 10 10 0 1 0 6.808479557110079 20.73576436351046\"><\/path><path d=\"M 7 19 l -1 6 l 6 -1\" class=\"heateor_sss_no_fill heateor_sss_svg_stroke\" stroke=\"#fff\" stroke-width=\"2\" fill=\"none\"><\/path><path d=\"M 10 10 q -1 8 8 11 c 5 -1 0 -6 -1 -3 q -4 -3 -5 -5 c 4 -2 -1 -5 -1 -4\" fill=\"#fff\"><\/path><\/svg><\/span><\/a><a aria-label=\"Telegram\" class=\"heateor_sss_button_telegram\" href=\"https:\/\/telegram.me\/share\/url?url=https%3A%2F%2Fportugaleasycamp.com%2Ffr%2Fwp-json%2Fwp%2Fv2%2Fpages%2F1182&text=PORTUGAL%20EASYCAMP%20-%20DOMAINES%20POUR%20LA%20NUIT%20EN%20CAMPING-CAR\" title=\"Telegram\" rel=\"nofollow noopener\" target=\"_blank\" style=\"font-size:32px!important;box-shadow:none;display:inline-block;vertical-align:middle\"><span class=\"heateor_sss_svg heateor_sss_s__default heateor_sss_s_telegram\" style=\"background-color:#3da5f1;width:30px;height:30px;border-radius:999px;display:inline-block;opacity:1;float:left;font-size:32px;box-shadow:none;display:inline-block;font-size:16px;padding:0 4px;vertical-align:middle;background-repeat:repeat;overflow:hidden;padding:0;cursor:pointer;box-sizing:content-box\"><svg style=\"display:block;border-radius:999px;\" focusable=\"false\" aria-hidden=\"true\" xmlns=\"http:\/\/www.w3.org\/2000\/svg\" width=\"100%\" height=\"100%\" viewBox=\"0 0 32 32\"><path fill=\"#fff\" d=\"M25.515 6.896L6.027 14.41c-1.33.534-1.322 1.276-.243 1.606l5 1.56 1.72 5.66c.226.625.115.873.77.873.506 0 .73-.235 1.012-.51l2.43-2.363 5.056 3.734c.93.514 1.602.25 1.834-.863l3.32-15.638c.338-1.363-.52-1.98-1.41-1.577z\"><\/path><\/svg><\/span><\/a><a aria-label=\"Twitter\" class=\"heateor_sss_button_twitter\" href=\"https:\/\/twitter.com\/intent\/tweet?text=PORTUGAL%20EASYCAMP%20-%20DOMAINES%20POUR%20LA%20NUIT%20EN%20CAMPING-CAR&url=https%3A%2F%2Fportugaleasycamp.com%2Ffr%2Fwp-json%2Fwp%2Fv2%2Fpages%2F1182\" title=\"Twitter\" rel=\"nofollow noopener\" target=\"_blank\" style=\"font-size:32px!important;box-shadow:none;display:inline-block;vertical-align:middle\"><span class=\"heateor_sss_svg heateor_sss_s__default heateor_sss_s_twitter\" style=\"background-color:#55acee;width:30px;height:30px;border-radius:999px;display:inline-block;opacity:1;float:left;font-size:32px;box-shadow:none;display:inline-block;font-size:16px;padding:0 4px;vertical-align:middle;background-repeat:repeat;overflow:hidden;padding:0;cursor:pointer;box-sizing:content-box\"><svg style=\"display:block;border-radius:999px;\" focusable=\"false\" aria-hidden=\"true\" xmlns=\"http:\/\/www.w3.org\/2000\/svg\" width=\"100%\" height=\"100%\" viewBox=\"-4 -4 39 39\"><path d=\"M28 8.557a9.913 9.913 0 0 1-2.828.775 4.93 4.93 0 0 0 2.166-2.725 9.738 9.738 0 0 1-3.13 1.194 4.92 4.92 0 0 0-3.593-1.55 4.924 4.924 0 0 0-4.794 6.049c-4.09-.21-7.72-2.17-10.15-5.15a4.942 4.942 0 0 0-.665 2.477c0 1.71.87 3.214 2.19 4.1a4.968 4.968 0 0 1-2.23-.616v.06c0 2.39 1.7 4.38 3.952 4.83-.414.115-.85.174-1.297.174-.318 0-.626-.03-.928-.086a4.935 4.935 0 0 0 4.6 3.42 9.893 9.893 0 0 1-6.114 2.107c-.398 0-.79-.023-1.175-.068a13.953 13.953 0 0 0 7.55 2.213c9.056 0 14.01-7.507 14.01-14.013 0-.213-.005-.426-.015-.637.96-.695 1.795-1.56 2.455-2.55z\" fill=\"#fff\"><\/path><\/svg><\/span><\/a><a aria-label=\"Linkedin\" class=\"heateor_sss_button_linkedin\" href=\"https:\/\/www.linkedin.com\/sharing\/share-offsite\/?url=https%3A%2F%2Fportugaleasycamp.com%2Ffr%2Fwp-json%2Fwp%2Fv2%2Fpages%2F1182\" title=\"Linkedin\" rel=\"nofollow noopener\" target=\"_blank\" style=\"font-size:32px!important;box-shadow:none;display:inline-block;vertical-align:middle\"><span class=\"heateor_sss_svg heateor_sss_s__default heateor_sss_s_linkedin\" style=\"background-color:#0077b5;width:30px;height:30px;border-radius:999px;display:inline-block;opacity:1;float:left;font-size:32px;box-shadow:none;display:inline-block;font-size:16px;padding:0 4px;vertical-align:middle;background-repeat:repeat;overflow:hidden;padding:0;cursor:pointer;box-sizing:content-box\"><svg style=\"display:block;border-radius:999px;\" focusable=\"false\" aria-hidden=\"true\" xmlns=\"http:\/\/www.w3.org\/2000\/svg\" width=\"100%\" height=\"100%\" viewBox=\"0 0 32 32\"><path d=\"M6.227 12.61h4.19v13.48h-4.19V12.61zm2.095-6.7a2.43 2.43 0 0 1 0 4.86c-1.344 0-2.428-1.09-2.428-2.43s1.084-2.43 2.428-2.43m4.72 6.7h4.02v1.84h.058c.56-1.058 1.927-2.176 3.965-2.176 4.238 0 5.02 2.792 5.02 6.42v7.395h-4.183v-6.56c0-1.564-.03-3.574-2.178-3.574-2.18 0-2.514 1.7-2.514 3.46v6.668h-4.187V12.61z\" fill=\"#fff\"><\/path><\/svg><\/span><\/a><a aria-label=\"Email\" class=\"heateor_sss_email\" href=\"https:\/\/portugaleasycamp.com\/fr\/wp-json\/wp\/v2\/pages\/1182\" onclick=\"event.preventDefault();window.open('mailto:?subject=' + decodeURIComponent('PORTUGAL%20EASYCAMP%20-%20DOMAINES%20POUR%20LA%20NUIT%20EN%20CAMPING-CAR').replace('&', '%26') + '&body=https%3A%2F%2Fportugaleasycamp.com%2Ffr%2Fwp-json%2Fwp%2Fv2%2Fpages%2F1182', '_blank')\" title=\"Email\" rel=\"noopener\" style=\"font-size:32px!important;box-shadow:none;display:inline-block;vertical-align:middle\"><span class=\"heateor_sss_svg\" style=\"background-color:#649a3f;width:30px;height:30px;border-radius:999px;display:inline-block;opacity:1;float:left;font-size:32px;box-shadow:none;display:inline-block;font-size:16px;padding:0 4px;vertical-align:middle;background-repeat:repeat;overflow:hidden;padding:0;cursor:pointer;box-sizing:content-box\"><svg style=\"display:block;border-radius:999px;\" focusable=\"false\" aria-hidden=\"true\" xmlns=\"http:\/\/www.w3.org\/2000\/svg\" width=\"100%\" height=\"100%\" viewBox=\"-.75 -.5 36 36\"><path d=\"M 5.5 11 h 23 v 1 l -11 6 l -11 -6 v -1 m 0 2 l 11 6 l 11 -6 v 11 h -22 v -11\" stroke-width=\"1\" fill=\"#fff\"><\/path><\/svg><\/span><\/a><\/div><div class=\"heateorSssClear\"><\/div><\/div>","protected":false},"author":1,"featured_media":0,"parent":0,"menu_order":0,"comment_status":"closed","ping_status":"open","template":"","meta":{"_monsterinsights_skip_tracking":false,"_monsterinsights_sitenote_active":false,"_monsterinsights_sitenote_note":"","_monsterinsights_sitenote_category":0,"footnotes":""},"class_list":["post-1182","page","type-page","status-publish","hentry"],"aioseo_notices":[],"_links":{"self":[{"href":"https:\/\/portugaleasycamp.com\/fr\/wp-json\/wp\/v2\/pages\/1182","targetHints":{"allow":["GET"]}}],"collection":[{"href":"https:\/\/portugaleasycamp.com\/fr\/wp-json\/wp\/v2\/pages"}],"about":[{"href":"https:\/\/portugaleasycamp.com\/fr\/wp-json\/wp\/v2\/types\/page"}],"author":[{"embeddable":true,"href":"https:\/\/portugaleasycamp.com\/fr\/wp-json\/wp\/v2\/users\/1"}],"replies":[{"embeddable":true,"href":"https:\/\/portugaleasycamp.com\/fr\/wp-json\/wp\/v2\/comments?post=1182"}],"version-history":[{"count":68,"href":"https:\/\/portugaleasycamp.com\/fr\/wp-json\/wp\/v2\/pages\/1182\/revisions"}],"predecessor-version":[{"id":9344,"href":"https:\/\/portugaleasycamp.com\/fr\/wp-json\/wp\/v2\/pages\/1182\/revisions\/9344"}],"wp:attachment":[{"href":"https:\/\/portugaleasycamp.com\/fr\/wp-json\/wp\/v2\/media?parent=1182"}],"curies":[{"name":"wp","href":"https:\/\/api.w.org\/{rel}","templated":true}]}}