{"id":119,"date":"2015-10-01T13:15:55","date_gmt":"2015-10-01T13:15:55","guid":{"rendered":"http:\/\/www.soaptheme.net\/wordpress\/citytours\/?page_id=119"},"modified":"2021-11-04T10:02:19","modified_gmt":"2021-11-04T10:02:19","slug":"3passos","status":"publish","type":"page","link":"https:\/\/portugaleasycamp.com\/fr\/3passos\/","title":{"rendered":"3 \u00c9TAPES"},"content":{"rendered":"<p>[vc_row is_container=&#8221;yes&#8221; el_class=&#8221;margin_top_60&#8243;][vc_column width=&#8221;1\/1&#8243;][vc_column_text]<\/p>\n<div class=\"main_title\">\n<p><strong>Le principe est simple: <\/strong>achetez le Panier de Bienvenue \u00e0 l&#8217;un de nos partenaires et soyez invite \u00e0 passer une nuit dans sa propri\u00e9t\u00e9<\/p>\n<a href=\"#\" class=\"btn_1\" target=\"_self\">R\u00c9SERVER<\/a>\n<\/div>\n<p>[vc_row full_width=&#8221;&#8221; parallax=&#8221;&#8221; parallax_image=&#8221;&#8221; is_container=&#8221;&#8221;][vc_column width=&#8221;1\/1&#8243;]<ul class=\"cbp_tmtimeline \"><li class=\"\"><time class=\"cbp_tmtime\" datetime=\"1\"><span><\/span> <span>1<\/span><\/time><div class=\"cbp_tmicon\"><i class=\"icon-location\"><\/i><\/div><div class=\"cbp_tmlabel\">\n<div class=\"pull-right hidden-xs\"><\/div>\n<h2><strong>Choississez le domaine<\/strong><\/h2>\n<h5>Choississez sur notre <a href=\"https:\/\/portugaleasycamp.com\/fr\/full-page-map\/\"><strong>carte<\/strong><\/a> le lieu o\u00f9 vous d\u00e9sirez passer la nuit.<\/h5>\n<h5>Vous aurez le privil\u00e8ge de d\u00e9couvrir des endroits magnifiques, d&#8217;exp\u00e9rimenter<strong> la vie \u00e0 la campagne<\/strong> dans des domaines agr\u00edcoles uniques.<\/div><\/li><li class=\"\"><time class=\"cbp_tmtime\" datetime=\"2\"><span><\/span> <span>2<\/span><\/time><div class=\"cbp_tmicon\"><i class=\"icon-basket\"><\/i><\/div><div class=\"cbp_tmlabel\"><\/h5>\n<div class=\"pull-right hidden-xs\"><\/div>\n<div><\/div>\n<h2><strong>Achetez le Panier de Bienvenue<\/strong><\/h2>\n<h5>Achetez le produit \u00e0 l&#8217;un de nos partenaires, soit des <strong>vins<\/strong>, des <strong>fromages, de l&#8217;huile d&#8217;olive, du miel<\/strong>\u00a0ou des<strong> produits agricoles<\/strong>.<\/h5>\n<h5><strong>Soutenez<\/strong> les agriculteurs portuguais.<\/h5>\n<p><\/div><\/li><li class=\"\"><time class=\"cbp_tmtime\" datetime=\"3\"><span><\/span> <span>3<\/span><\/time><div class=\"cbp_tmicon\"><i class=\"icon-tree\"><\/i><\/div><div class=\"cbp_tmlabel\">\n<h2><strong>D\u00e9placez-vous au domaine choisi<\/strong><\/h2>\n<h5>En arrivant, dirigez-vous \u00e0 la <strong>boutique<\/strong> pour recueillir votre produit.<\/h5>\n<h5><strong>Savourez<\/strong> des produits frais, des vins, des produits artisanaux authentiques confectionn\u00e9s dans le domaine que vous visitez, faites de nouveaux amis et prenez plaisir \u00e0 en savoir plus sur la vie quotidienne de nos h\u00f4tes.<\/h5>\n<h5>Profitez pendant 24 heures de ce lieu dans votre camping-car.<\/h5>\n<h5><strong>En tranquilit\u00e9, s\u00e9curit\u00e9 et <\/strong> <strong>conformit\u00e9<\/strong>.<\/h5>\n<div><\/div>\n<div class=\"pull-right hidden-xs\"><\/div>\n<p><\/div><\/li><\/ul>[\/vc_column][\/vc_row]<\/p>\n","protected":false},"excerpt":{"rendered":"<p>[vc_row is_container=&#8221;yes&#8221; el_class=&#8221;margin_top_60&#8243;][vc_column width=&#8221;1\/1&#8243;][vc_column_text] Le principe est simple: achetez le Panier de Bienvenue \u00e0 l&#8217;un de nos partenaires et soyez invite \u00e0 passer une nuit dans sa propri\u00e9t\u00e9 [vc_row full_width=&#8221;&#8221; parallax=&#8221;&#8221; parallax_image=&#8221;&#8221; is_container=&#8221;&#8221;][vc_column width=&#8221;1\/1&#8243;][\/vc_column][\/vc_row]<\/p>\n<div class='heateor_sss_sharing_container heateor_sss_vertical_sharing' style='width:34px;right: -5px;top: 100px;-webkit-box-shadow:none;box-shadow:none;' data-heateor-sss-href='https:\/\/portugaleasycamp.com\/fr\/wp-json\/wp\/v2\/pages\/119'><div class=\"heateor_sss_sharing_ul\"><a aria-label=\"Facebook\" class=\"heateor_sss_facebook\" href=\"https:\/\/www.facebook.com\/sharer\/sharer.php?u=https%3A%2F%2Fportugaleasycamp.com%2Ffr%2Fwp-json%2Fwp%2Fv2%2Fpages%2F119\" title=\"Facebook\" rel=\"nofollow noopener\" target=\"_blank\" style=\"font-size:32px!important;box-shadow:none;display:inline-block;vertical-align:middle\"><span class=\"heateor_sss_svg\" style=\"background-color:#0765FE;width:30px;height:30px;border-radius:999px;display:inline-block;opacity:1;float:left;font-size:32px;box-shadow:none;display:inline-block;font-size:16px;padding:0 4px;vertical-align:middle;background-repeat:repeat;overflow:hidden;padding:0;cursor:pointer;box-sizing:content-box\"><svg style=\"display:block;border-radius:999px;\" focusable=\"false\" aria-hidden=\"true\" xmlns=\"http:\/\/www.w3.org\/2000\/svg\" width=\"100%\" height=\"100%\" viewBox=\"0 0 32 32\"><path fill=\"#fff\" d=\"M28 16c0-6.627-5.373-12-12-12S4 9.373 4 16c0 5.628 3.875 10.35 9.101 11.647v-7.98h-2.474V16H13.1v-1.58c0-4.085 1.849-5.978 5.859-5.978.76 0 2.072.15 2.608.298v3.325c-.283-.03-.775-.045-1.386-.045-1.967 0-2.728.745-2.728 2.683V16h3.92l-.673 3.667h-3.247v8.245C23.395 27.195 28 22.135 28 16Z\"><\/path><\/svg><\/span><\/a><a aria-label=\"Whatsapp\" class=\"heateor_sss_whatsapp\" href=\"https:\/\/api.whatsapp.com\/send?text=PORTUGAL%20EASYCAMP%20-%20DOMAINES%20POUR%20LA%20NUIT%20EN%20CAMPING-CAR%20https%3A%2F%2Fportugaleasycamp.com%2Ffr%2Fwp-json%2Fwp%2Fv2%2Fpages%2F119\" title=\"Whatsapp\" rel=\"nofollow noopener\" target=\"_blank\" style=\"font-size:32px!important;box-shadow:none;display:inline-block;vertical-align:middle\"><span class=\"heateor_sss_svg\" style=\"background-color:#55eb4c;width:30px;height:30px;border-radius:999px;display:inline-block;opacity:1;float:left;font-size:32px;box-shadow:none;display:inline-block;font-size:16px;padding:0 4px;vertical-align:middle;background-repeat:repeat;overflow:hidden;padding:0;cursor:pointer;box-sizing:content-box\"><svg style=\"display:block;border-radius:999px;\" focusable=\"false\" aria-hidden=\"true\" xmlns=\"http:\/\/www.w3.org\/2000\/svg\" width=\"100%\" height=\"100%\" viewBox=\"-6 -5 40 40\"><path class=\"heateor_sss_svg_stroke heateor_sss_no_fill\" stroke=\"#fff\" stroke-width=\"2\" fill=\"none\" d=\"M 11.579798566743314 24.396926207859085 A 10 10 0 1 0 6.808479557110079 20.73576436351046\"><\/path><path d=\"M 7 19 l -1 6 l 6 -1\" class=\"heateor_sss_no_fill heateor_sss_svg_stroke\" stroke=\"#fff\" stroke-width=\"2\" fill=\"none\"><\/path><path d=\"M 10 10 q -1 8 8 11 c 5 -1 0 -6 -1 -3 q -4 -3 -5 -5 c 4 -2 -1 -5 -1 -4\" fill=\"#fff\"><\/path><\/svg><\/span><\/a><a aria-label=\"Telegram\" class=\"heateor_sss_button_telegram\" href=\"https:\/\/telegram.me\/share\/url?url=https%3A%2F%2Fportugaleasycamp.com%2Ffr%2Fwp-json%2Fwp%2Fv2%2Fpages%2F119&text=PORTUGAL%20EASYCAMP%20-%20DOMAINES%20POUR%20LA%20NUIT%20EN%20CAMPING-CAR\" title=\"Telegram\" rel=\"nofollow noopener\" target=\"_blank\" style=\"font-size:32px!important;box-shadow:none;display:inline-block;vertical-align:middle\"><span class=\"heateor_sss_svg heateor_sss_s__default heateor_sss_s_telegram\" style=\"background-color:#3da5f1;width:30px;height:30px;border-radius:999px;display:inline-block;opacity:1;float:left;font-size:32px;box-shadow:none;display:inline-block;font-size:16px;padding:0 4px;vertical-align:middle;background-repeat:repeat;overflow:hidden;padding:0;cursor:pointer;box-sizing:content-box\"><svg style=\"display:block;border-radius:999px;\" focusable=\"false\" aria-hidden=\"true\" xmlns=\"http:\/\/www.w3.org\/2000\/svg\" width=\"100%\" height=\"100%\" viewBox=\"0 0 32 32\"><path fill=\"#fff\" d=\"M25.515 6.896L6.027 14.41c-1.33.534-1.322 1.276-.243 1.606l5 1.56 1.72 5.66c.226.625.115.873.77.873.506 0 .73-.235 1.012-.51l2.43-2.363 5.056 3.734c.93.514 1.602.25 1.834-.863l3.32-15.638c.338-1.363-.52-1.98-1.41-1.577z\"><\/path><\/svg><\/span><\/a><a aria-label=\"Twitter\" class=\"heateor_sss_button_twitter\" href=\"https:\/\/twitter.com\/intent\/tweet?text=PORTUGAL%20EASYCAMP%20-%20DOMAINES%20POUR%20LA%20NUIT%20EN%20CAMPING-CAR&url=https%3A%2F%2Fportugaleasycamp.com%2Ffr%2Fwp-json%2Fwp%2Fv2%2Fpages%2F119\" title=\"Twitter\" rel=\"nofollow noopener\" target=\"_blank\" style=\"font-size:32px!important;box-shadow:none;display:inline-block;vertical-align:middle\"><span class=\"heateor_sss_svg heateor_sss_s__default heateor_sss_s_twitter\" style=\"background-color:#55acee;width:30px;height:30px;border-radius:999px;display:inline-block;opacity:1;float:left;font-size:32px;box-shadow:none;display:inline-block;font-size:16px;padding:0 4px;vertical-align:middle;background-repeat:repeat;overflow:hidden;padding:0;cursor:pointer;box-sizing:content-box\"><svg style=\"display:block;border-radius:999px;\" focusable=\"false\" aria-hidden=\"true\" xmlns=\"http:\/\/www.w3.org\/2000\/svg\" width=\"100%\" height=\"100%\" viewBox=\"-4 -4 39 39\"><path d=\"M28 8.557a9.913 9.913 0 0 1-2.828.775 4.93 4.93 0 0 0 2.166-2.725 9.738 9.738 0 0 1-3.13 1.194 4.92 4.92 0 0 0-3.593-1.55 4.924 4.924 0 0 0-4.794 6.049c-4.09-.21-7.72-2.17-10.15-5.15a4.942 4.942 0 0 0-.665 2.477c0 1.71.87 3.214 2.19 4.1a4.968 4.968 0 0 1-2.23-.616v.06c0 2.39 1.7 4.38 3.952 4.83-.414.115-.85.174-1.297.174-.318 0-.626-.03-.928-.086a4.935 4.935 0 0 0 4.6 3.42 9.893 9.893 0 0 1-6.114 2.107c-.398 0-.79-.023-1.175-.068a13.953 13.953 0 0 0 7.55 2.213c9.056 0 14.01-7.507 14.01-14.013 0-.213-.005-.426-.015-.637.96-.695 1.795-1.56 2.455-2.55z\" fill=\"#fff\"><\/path><\/svg><\/span><\/a><a aria-label=\"Linkedin\" class=\"heateor_sss_button_linkedin\" href=\"https:\/\/www.linkedin.com\/sharing\/share-offsite\/?url=https%3A%2F%2Fportugaleasycamp.com%2Ffr%2Fwp-json%2Fwp%2Fv2%2Fpages%2F119\" title=\"Linkedin\" rel=\"nofollow noopener\" target=\"_blank\" style=\"font-size:32px!important;box-shadow:none;display:inline-block;vertical-align:middle\"><span class=\"heateor_sss_svg heateor_sss_s__default heateor_sss_s_linkedin\" style=\"background-color:#0077b5;width:30px;height:30px;border-radius:999px;display:inline-block;opacity:1;float:left;font-size:32px;box-shadow:none;display:inline-block;font-size:16px;padding:0 4px;vertical-align:middle;background-repeat:repeat;overflow:hidden;padding:0;cursor:pointer;box-sizing:content-box\"><svg style=\"display:block;border-radius:999px;\" focusable=\"false\" aria-hidden=\"true\" xmlns=\"http:\/\/www.w3.org\/2000\/svg\" width=\"100%\" height=\"100%\" viewBox=\"0 0 32 32\"><path d=\"M6.227 12.61h4.19v13.48h-4.19V12.61zm2.095-6.7a2.43 2.43 0 0 1 0 4.86c-1.344 0-2.428-1.09-2.428-2.43s1.084-2.43 2.428-2.43m4.72 6.7h4.02v1.84h.058c.56-1.058 1.927-2.176 3.965-2.176 4.238 0 5.02 2.792 5.02 6.42v7.395h-4.183v-6.56c0-1.564-.03-3.574-2.178-3.574-2.18 0-2.514 1.7-2.514 3.46v6.668h-4.187V12.61z\" fill=\"#fff\"><\/path><\/svg><\/span><\/a><a aria-label=\"Email\" class=\"heateor_sss_email\" href=\"https:\/\/portugaleasycamp.com\/fr\/wp-json\/wp\/v2\/pages\/119\" onclick=\"event.preventDefault();window.open('mailto:?subject=' + decodeURIComponent('PORTUGAL%20EASYCAMP%20-%20DOMAINES%20POUR%20LA%20NUIT%20EN%20CAMPING-CAR').replace('&', '%26') + '&body=https%3A%2F%2Fportugaleasycamp.com%2Ffr%2Fwp-json%2Fwp%2Fv2%2Fpages%2F119', '_blank')\" title=\"Email\" rel=\"noopener\" style=\"font-size:32px!important;box-shadow:none;display:inline-block;vertical-align:middle\"><span class=\"heateor_sss_svg\" style=\"background-color:#649a3f;width:30px;height:30px;border-radius:999px;display:inline-block;opacity:1;float:left;font-size:32px;box-shadow:none;display:inline-block;font-size:16px;padding:0 4px;vertical-align:middle;background-repeat:repeat;overflow:hidden;padding:0;cursor:pointer;box-sizing:content-box\"><svg style=\"display:block;border-radius:999px;\" focusable=\"false\" aria-hidden=\"true\" xmlns=\"http:\/\/www.w3.org\/2000\/svg\" width=\"100%\" height=\"100%\" viewBox=\"-.75 -.5 36 36\"><path d=\"M 5.5 11 h 23 v 1 l -11 6 l -11 -6 v -1 m 0 2 l 11 6 l 11 -6 v 11 h -22 v -11\" stroke-width=\"1\" fill=\"#fff\"><\/path><\/svg><\/span><\/a><\/div><div class=\"heateorSssClear\"><\/div><\/div>","protected":false},"author":1,"featured_media":0,"parent":0,"menu_order":0,"comment_status":"closed","ping_status":"closed","template":"","meta":{"_monsterinsights_skip_tracking":false,"_monsterinsights_sitenote_active":false,"_monsterinsights_sitenote_note":"","_monsterinsights_sitenote_category":0,"footnotes":""},"class_list":["post-119","page","type-page","status-publish","hentry"],"aioseo_notices":[],"_links":{"self":[{"href":"https:\/\/portugaleasycamp.com\/fr\/wp-json\/wp\/v2\/pages\/119","targetHints":{"allow":["GET"]}}],"collection":[{"href":"https:\/\/portugaleasycamp.com\/fr\/wp-json\/wp\/v2\/pages"}],"about":[{"href":"https:\/\/portugaleasycamp.com\/fr\/wp-json\/wp\/v2\/types\/page"}],"author":[{"embeddable":true,"href":"https:\/\/portugaleasycamp.com\/fr\/wp-json\/wp\/v2\/users\/1"}],"replies":[{"embeddable":true,"href":"https:\/\/portugaleasycamp.com\/fr\/wp-json\/wp\/v2\/comments?post=119"}],"version-history":[{"count":70,"href":"https:\/\/portugaleasycamp.com\/fr\/wp-json\/wp\/v2\/pages\/119\/revisions"}],"predecessor-version":[{"id":7385,"href":"https:\/\/portugaleasycamp.com\/fr\/wp-json\/wp\/v2\/pages\/119\/revisions\/7385"}],"wp:attachment":[{"href":"https:\/\/portugaleasycamp.com\/fr\/wp-json\/wp\/v2\/media?parent=119"}],"curies":[{"name":"wp","href":"https:\/\/api.w.org\/{rel}","templated":true}]}}