{"id":2123,"date":"2019-10-28T23:43:09","date_gmt":"2019-10-28T23:43:09","guid":{"rendered":"https:\/\/portugaleasycamp.com\/?page_id=2123"},"modified":"2025-09-15T13:44:32","modified_gmt":"2025-09-15T13:44:32","slug":"homepage-7","status":"publish","type":"page","link":"https:\/\/portugaleasycamp.com\/fr\/","title":{"rendered":"HOMEPAGE"},"content":{"rendered":"<p>[vc_row][vc_column][rev_slider_vc alias=&#8221;quintas-11&#8243;][vc_custom_heading text=&#8221;S\u00e9jour 24h en camping-car&#8221; font_container=&#8221;tag:h2|font_size:50|text_align:center|color:%23000000&#8243; google_fonts=&#8221;font_family:Handlee%3Aregular|font_style:400%20regular%3A400%3Anormal&#8221;][vc_column_text]<\/p>\n<h4 style=\"text-align: center;\">Une alternative durable aux aires traditionnelles de camping-car.<\/h4>\n<h5 style=\"text-align: left;\"><\/h5>\n<p>[\/vc_column_text][\/vc_column][\/vc_row][vc_row is_container=&#8221;yes&#8221; el_class=&#8221;margin_60&#8243;][vc_column css=&#8221;.vc_custom_1556565481239{margin-bottom: 0px !important;}&#8221;][vc_column_text css_animation=&#8221;fadeIn&#8221;]<\/p>\n<h2 style=\"text-align: center;\"><strong>Qui sommes-nous?<\/strong><\/h2>\n<h3 style=\"text-align: center;\"><img loading=\"lazy\" decoding=\"async\" class=\"wp-image-7653 aligncenter\" src=\"https:\/\/portugaleasycamp.com\/wp-content\/uploads\/2021\/11\/NOS370x340-300x279.png\" alt=\"\" width=\"381\" height=\"355\" srcset=\"https:\/\/portugaleasycamp.com\/wp-content\/uploads\/2021\/11\/NOS370x340-300x279.png 300w, https:\/\/portugaleasycamp.com\/wp-content\/uploads\/2021\/11\/NOS370x340.png 365w\" sizes=\"auto, (max-width: 381px) 100vw, 381px\" \/><\/h3>\n<h4 style=\"text-align: center;\">Une famille qui aime voyager,\u00a0\u00eatre en contact avec la nature et<\/h4>\n<h4 style=\"text-align: center;\">d\u00e9couvrir des endroits pleins d&#8217;histoires \u00e0 raconter.<\/h4>\n<h4 style=\"text-align: center;\"><strong>Et nous voulons partager cette passion avec vous !<\/strong><\/h4>\n<p>[\/vc_column_text][vc_empty_space height=&#8221;40px&#8221;][vc_custom_heading text=&#8221;\u00c9tape de camping car&#8221; font_container=&#8221;tag:h2|font_size:40|text_align:center|color:%23000000&#8243; google_fonts=&#8221;font_family:Handlee%3Aregular|font_style:400%20regular%3A400%3Anormal&#8221;][vc_column_text]<\/p>\n<h4 style=\"text-align: center;\">Voyager dans un camping-car \/ fourgon autonome (eau, toilettes, \u00e9nergie). Respectez notre <a href=\"https:\/\/portugaleasycamp.com\/fr\/conduta\/\" target=\"_blank\" rel=\"noopener\">CODE de CONDUITE<\/a><\/h4>\n<h5 style=\"text-align: left;\"><\/h5>\n<p>[\/vc_column_text][vc_empty_space height=&#8221;20px&#8221;][vc_row_inner][vc_column_inner width=&#8221;1\/3&#8243;][vc_custom_heading text=&#8221;1&#8243; font_container=&#8221;tag:h2|font_size:30|text_align:center|color:%231e73be&#8221; google_fonts=&#8221;font_family:Handlee%3Aregular|font_style:400%20regular%3A400%3Anormal&#8221;][vc_column_text]<\/p>\n<h4 style=\"text-align: center;\"><strong>Choisissez le Domaine<\/strong><\/h4>\n<h5 style=\"text-align: left;\"><\/h5>\n<p>[\/vc_column_text][vc_single_image image=&#8221;7445&#8243; img_size=&#8221;medium&#8221; alignment=&#8221;center&#8221; style=&#8221;vc_box_circle&#8221;][vc_column_text]<\/p>\n<h4 style=\"text-align: center;\">Naviguez sur notre carte et choisissez l&#8217;h\u00f4te o\u00f9 vous souhaitez passer la nuit!<\/h4>\n<h5 style=\"text-align: left;\"><\/h5>\n<p>[\/vc_column_text][\/vc_column_inner][vc_column_inner width=&#8221;1\/3&#8243;][vc_empty_space height=&#8221;10px&#8221;][vc_custom_heading text=&#8221;2&#8243; font_container=&#8221;tag:h2|font_size:24|text_align:center|color:%231e73be&#8221; google_fonts=&#8221;font_family:Handlee%3Aregular|font_style:400%20regular%3A400%3Anormal&#8221;][vc_column_text]<\/p>\n<h4 style=\"text-align: center;\"><strong>Achetez le Panier de Bienvenue<\/strong><\/h4>\n<h5><\/h5>\n<p>[\/vc_column_text][vc_single_image image=&#8221;8132&#8243; img_size=&#8221;medium&#8221; alignment=&#8221;center&#8221; style=&#8221;vc_box_circle&#8221;][vc_column_text]<\/p>\n<h4 style=\"text-align: center;\">Produits agricoles livr\u00e9s \u00e0 l&#8217;arriv\u00e9e.<\/h4>\n<p>[\/vc_column_text][\/vc_column_inner][vc_column_inner width=&#8221;1\/3&#8243;][vc_empty_space height=&#8221;10px&#8221;][vc_custom_heading text=&#8221;3&#8243; font_container=&#8221;tag:h2|font_size:24|text_align:center|color:%231e73be&#8221; google_fonts=&#8221;font_family:Handlee%3Aregular|font_style:400%20regular%3A400%3Anormal&#8221;][vc_column_text]<\/p>\n<h4 style=\"text-align: center;\"><strong>Nuit\u00e9e \u00e0 l&#8217;\u00e9tape<\/strong><\/h4>\n<h5><\/h5>\n<p>[\/vc_column_text][vc_single_image image=&#8221;8626&#8243; img_size=&#8221;large&#8221; alignment=&#8221;center&#8221; style=&#8221;vc_box_circle&#8221;][vc_column_text]<\/p>\n<h4 style=\"text-align: center;\">Le producteur vous invite \u00e0 rester 24H sur place avec votre camping-car<\/h4>\n<p>[\/vc_column_text][\/vc_column_inner][\/vc_row_inner][vc_empty_space height=&#8221;20px&#8221;][vc_custom_heading text=&#8221;Carte des \u00e9tapes&#8221; font_container=&#8221;tag:h2|font_size:50|text_align:center|color:%23000000&#8243; google_fonts=&#8221;font_family:Handlee%3Aregular|font_style:400%20regular%3A400%3Anormal&#8221;][vc_single_image image=&#8221;8501&#8243; img_size=&#8221;large&#8221; alignment=&#8221;center&#8221; style=&#8221;vc_box_rounded&#8221; onclick=&#8221;custom_link&#8221; img_link_target=&#8221;_blank&#8221; css_animation=&#8221;fadeInUp&#8221; link=&#8221;https:\/\/portugaleasycamp.com\/fr\/full-page-map\/&#8221;][vc_empty_space height=&#8221;30px&#8221;][vc_row_inner][vc_column_inner][vc_custom_heading text=&#8221;Location de Camping Car&#8221; font_container=&#8221;tag:h2|font_size:50|text_align:center|color:%23000000&#8243; google_fonts=&#8221;font_family:Handlee%3Aregular|font_style:400%20regular%3A400%3Anormal&#8221;][vc_single_image image=&#8221;3453&#8243; img_size=&#8221;large&#8221; alignment=&#8221;center&#8221; style=&#8221;vc_box_rounded&#8221; onclick=&#8221;custom_link&#8221; img_link_target=&#8221;_blank&#8221; css_animation=&#8221;fadeInUp&#8221; link=&#8221;https:\/\/portugaleasycamp.com\/fr\/motorhome-rental\/&#8221;][\/vc_column_inner][\/vc_row_inner][vc_empty_space height=&#8221;20px&#8221;][vc_row_inner][vc_column_inner width=&#8221;1\/3&#8243;][vc_empty_space height=&#8221;40px&#8221;][vc_single_image image=&#8221;7228&#8243; img_size=&#8221;medium&#8221; alignment=&#8221;right&#8221; onclick=&#8221;custom_link&#8221; img_link_target=&#8221;_blank&#8221; link=&#8221;https:\/\/portugaleasycamp.com\/fr\/app\/&#8221;][\/vc_column_inner][vc_column_inner width=&#8221;1\/3&#8243;][vc_custom_heading text=&#8221;Partagez votre exp\u00e9rience avec nous&#8221; font_container=&#8221;tag:h2|font_size:30|text_align:center|color:%231e73be&#8221; google_fonts=&#8221;font_family:Handlee%3Aregular|font_style:400%20regular%3A400%3Anormal&#8221;][vc_single_image image=&#8221;8624&#8243; img_size=&#8221;medium&#8221; alignment=&#8221;center&#8221; style=&#8221;vc_box_circle&#8221; onclick=&#8221;custom_link&#8221; img_link_target=&#8221;_blank&#8221; css_animation=&#8221;fadeInUp&#8221; link=&#8221;https:\/\/www.facebook.com\/portugaleasycamp&#8221;][\/vc_column_inner][vc_column_inner width=&#8221;1\/3&#8243;][vc_empty_space height=&#8221;40px&#8221;][vc_single_image image=&#8221;7456&#8243; img_size=&#8221;medium&#8221; onclick=&#8221;custom_link&#8221; link=&#8221;https:\/\/portugaleasycamp.com\/fr\/press\/&#8221;][\/vc_column_inner][\/vc_row_inner][vc_row_inner][vc_column_inner width=&#8221;2\/3&#8243;][\/vc_column_inner][\/vc_row_inner][vc_empty_space][vc_custom_heading text=&#8221;Accueillants du mois&#8221; font_container=&#8221;tag:h2|font_size:50|text_align:center|color:%23000000&#8243; google_fonts=&#8221;font_family:Handlee%3Aregular|font_style:400%20regular%3A400%3Anormal&#8221;][vc_column_text]<\/p>\n<h4 style=\"text-align: center;\">Les prix indiqu\u00e9s correspondent au pack de bienvenue que vous recevrez chez l&#8217;h\u00f4te.<\/h4>\n<p>[\/vc_column_text]<div class=\"tour-list row add-clearfix\"><div class=\"col-md-4 col-sm-6 wow zoomIn\" data-wow-delay=\"0.1s\">\r\n\t<div class=\"tour_container\">\r\n\t\t\t\t<div class=\"img_container\">\r\n\t\t\t<a href=\"https:\/\/portugaleasycamp.com\/fr\/tour\/prados-de-melgaco\/\">\r\n\t\t\t\t<img loading=\"lazy\" decoding=\"async\" width=\"400\" height=\"267\" src=\"https:\/\/portugaleasycamp.com\/wp-content\/uploads\/2020\/09\/32627658_817300775135772_8051123505833443328_n-400x267.jpg\" class=\"attachment-ct-list-thumb size-ct-list-thumb wp-post-image\" alt=\"\" srcset=\"https:\/\/portugaleasycamp.com\/wp-content\/uploads\/2020\/09\/32627658_817300775135772_8051123505833443328_n-400x267.jpg 400w, https:\/\/portugaleasycamp.com\/wp-content\/uploads\/2020\/09\/32627658_817300775135772_8051123505833443328_n-200x133.jpg 200w\" sizes=\"auto, (max-width: 400px) 100vw, 400px\" \/>\t\t\t\t<!-- <div class=\"ribbon top_rated\"><\/div> -->\r\n\t\t\t\t\t\t\t\t<div class=\"short_info\">\r\n\t\t\t\t\t<i class=\" icon-tree\"><\/i>Agricole\t\t\t\t\t<span class=\"price\"><span>19<sup>\u20ac<\/sup><\/span><\/span>\r\n\t\t\t\t<\/div>\r\n\t\t\t<\/a>\r\n\t\t<\/div>\r\n\r\n\t\t<div class=\"tour_title\">\r\n\t\t\t<h3>Prados de Melga\u00e7o<\/h3>\r\n\r\n\t\t\t<div class=\"rating\">\r\n\t\t\t\t<i class=\"icon-smile\"><\/i><i class=\"icon-smile\"><\/i><i class=\"icon-smile\"><\/i><i class=\"icon-smile\"><\/i><i class=\"icon-smile\"><\/i><small>(0)<\/small>\r\n\t\t\t<\/div><!-- end rating -->\r\n\r\n\t\t\t\t\t\t\t\t<\/div>\r\n\t<\/div><!-- End box tour -->\r\n<\/div><!-- End col-md-6 --><div class=\"col-md-4 col-sm-6 wow zoomIn\" data-wow-delay=\"0.1s\">\r\n\t<div class=\"tour_container\">\r\n\t\t\t\t<div class=\"img_container\">\r\n\t\t\t<a href=\"https:\/\/portugaleasycamp.com\/fr\/tour\/quinta-sanguinhal\/\">\r\n\t\t\t\t<img loading=\"lazy\" decoding=\"async\" width=\"400\" height=\"267\" src=\"https:\/\/portugaleasycamp.com\/wp-content\/uploads\/2019\/06\/quinta_sanguinhal1-400x267.jpg\" class=\"attachment-ct-list-thumb size-ct-list-thumb wp-post-image\" alt=\"\" srcset=\"https:\/\/portugaleasycamp.com\/wp-content\/uploads\/2019\/06\/quinta_sanguinhal1-400x267.jpg 400w, https:\/\/portugaleasycamp.com\/wp-content\/uploads\/2019\/06\/quinta_sanguinhal1-200x133.jpg 200w\" sizes=\"auto, (max-width: 400px) 100vw, 400px\" \/>\t\t\t\t<!-- <div class=\"ribbon top_rated\"><\/div> -->\r\n\t\t\t\t\t\t\t\t<div class=\"short_info\">\r\n\t\t\t\t\t<i class=\" icon-wine\"><\/i>Vinicole\t\t\t\t\t<span class=\"price\"><span>40<sup>\u20ac<\/sup><\/span><\/span>\r\n\t\t\t\t<\/div>\r\n\t\t\t<\/a>\r\n\t\t<\/div>\r\n\r\n\t\t<div class=\"tour_title\">\r\n\t\t\t<h3>Quinta do Sanguinhal<\/h3>\r\n\r\n\t\t\t<div class=\"rating\">\r\n\t\t\t\t<i class=\"icon-smile\"><\/i><i class=\"icon-smile\"><\/i><i class=\"icon-smile\"><\/i><i class=\"icon-smile\"><\/i><i class=\"icon-smile\"><\/i><small>(0)<\/small>\r\n\t\t\t<\/div><!-- end rating -->\r\n\r\n\t\t\t\t\t\t\t\t<\/div>\r\n\t<\/div><!-- End box tour -->\r\n<\/div><!-- End col-md-6 --><div class=\"col-md-4 col-sm-6 wow zoomIn\" data-wow-delay=\"0.1s\">\r\n\t<div class=\"tour_container\">\r\n\t\t\t\t<div class=\"img_container\">\r\n\t\t\t<a href=\"https:\/\/portugaleasycamp.com\/fr\/tour\/museu-do-azeite\/\">\r\n\t\t\t\t<img loading=\"lazy\" decoding=\"async\" width=\"400\" height=\"267\" src=\"https:\/\/portugaleasycamp.com\/wp-content\/uploads\/2020\/02\/JM_MuseuAzeite_173-400x267.jpg\" class=\"attachment-ct-list-thumb size-ct-list-thumb wp-post-image\" alt=\"\" srcset=\"https:\/\/portugaleasycamp.com\/wp-content\/uploads\/2020\/02\/JM_MuseuAzeite_173-400x267.jpg 400w, https:\/\/portugaleasycamp.com\/wp-content\/uploads\/2020\/02\/JM_MuseuAzeite_173-300x200.jpg 300w, https:\/\/portugaleasycamp.com\/wp-content\/uploads\/2020\/02\/JM_MuseuAzeite_173-1024x683.jpg 1024w, https:\/\/portugaleasycamp.com\/wp-content\/uploads\/2020\/02\/JM_MuseuAzeite_173-768x512.jpg 768w, https:\/\/portugaleasycamp.com\/wp-content\/uploads\/2020\/02\/JM_MuseuAzeite_173-1536x1024.jpg 1536w, https:\/\/portugaleasycamp.com\/wp-content\/uploads\/2020\/02\/JM_MuseuAzeite_173-2048x1366.jpg 2048w, https:\/\/portugaleasycamp.com\/wp-content\/uploads\/2020\/02\/JM_MuseuAzeite_173-200x133.jpg 200w\" sizes=\"auto, (max-width: 400px) 100vw, 400px\" \/>\t\t\t\t<!-- <div class=\"ribbon top_rated\"><\/div> -->\r\n\t\t\t\t\t\t\t\t<div class=\"short_info\">\r\n\t\t\t\t\t<i class=\" icon-tree\"><\/i>Agricole\t\t\t\t\t<span class=\"price\"><span>23<sup>\u20ac<\/sup><\/span><\/span>\r\n\t\t\t\t<\/div>\r\n\t\t\t<\/a>\r\n\t\t<\/div>\r\n\r\n\t\t<div class=\"tour_title\">\r\n\t\t\t<h3>Museu do Azeite<\/h3>\r\n\r\n\t\t\t<div class=\"rating\">\r\n\t\t\t\t<i class=\"icon-smile\"><\/i><i class=\"icon-smile\"><\/i><i class=\"icon-smile\"><\/i><i class=\"icon-smile\"><\/i><i class=\"icon-smile\"><\/i><small>(0)<\/small>\r\n\t\t\t<\/div><!-- end rating -->\r\n\r\n\t\t\t\t\t\t\t\t<\/div>\r\n\t<\/div><!-- End box tour -->\r\n<\/div><!-- End col-md-6 --><\/div>[vc_empty_space height=&#8221;20px&#8221;][\/vc_column][\/vc_row]<\/p>\n","protected":false},"excerpt":{"rendered":"<p>[vc_row][vc_column][rev_slider_vc alias=&#8221;quintas-11&#8243;][vc_custom_heading text=&#8221;S\u00e9jour 24h en camping-car&#8221; font_container=&#8221;tag:h2|font_size:50|text_align:center|color:%23000000&#8243; google_fonts=&#8221;font_family:Handlee%3Aregular|font_style:400%20regular%3A400%3Anormal&#8221;][vc_column_text] Une alternative durable aux aires traditionnelles de camping-car. [\/vc_column_text][\/vc_column][\/vc_row][vc_row is_container=&#8221;yes&#8221; el_class=&#8221;margin_60&#8243;][vc_column css=&#8221;.vc_custom_1556565481239{margin-bottom: 0px !important;}&#8221;][vc_column_text css_animation=&#8221;fadeIn&#8221;] Qui sommes-nous? Une famille qui aime voyager,\u00a0\u00eatre en contact avec la nature et d\u00e9couvrir des endroits pleins d&#8217;histoires \u00e0 raconter. Et nous voulons partager cette passion avec vous ! [\/vc_column_text][vc_empty_space height=&#8221;40px&#8221;][vc_custom_heading text=&#8221;\u00c9tape [&hellip;]<\/p>\n<div class='heateor_sss_sharing_container heateor_sss_vertical_sharing' style='width:34px;right: -5px;top: 100px;-webkit-box-shadow:none;box-shadow:none;' data-heateor-sss-href='https:\/\/portugaleasycamp.com\/fr\/wp-json\/wp\/v2\/pages\/2123'><div class=\"heateor_sss_sharing_ul\"><a aria-label=\"Facebook\" class=\"heateor_sss_facebook\" href=\"https:\/\/www.facebook.com\/sharer\/sharer.php?u=https%3A%2F%2Fportugaleasycamp.com%2Ffr%2Fwp-json%2Fwp%2Fv2%2Fpages%2F2123\" title=\"Facebook\" rel=\"nofollow noopener\" target=\"_blank\" style=\"font-size:32px!important;box-shadow:none;display:inline-block;vertical-align:middle\"><span class=\"heateor_sss_svg\" style=\"background-color:#0765FE;width:30px;height:30px;border-radius:999px;display:inline-block;opacity:1;float:left;font-size:32px;box-shadow:none;display:inline-block;font-size:16px;padding:0 4px;vertical-align:middle;background-repeat:repeat;overflow:hidden;padding:0;cursor:pointer;box-sizing:content-box\"><svg style=\"display:block;border-radius:999px;\" focusable=\"false\" aria-hidden=\"true\" xmlns=\"http:\/\/www.w3.org\/2000\/svg\" width=\"100%\" height=\"100%\" viewBox=\"0 0 32 32\"><path fill=\"#fff\" d=\"M28 16c0-6.627-5.373-12-12-12S4 9.373 4 16c0 5.628 3.875 10.35 9.101 11.647v-7.98h-2.474V16H13.1v-1.58c0-4.085 1.849-5.978 5.859-5.978.76 0 2.072.15 2.608.298v3.325c-.283-.03-.775-.045-1.386-.045-1.967 0-2.728.745-2.728 2.683V16h3.92l-.673 3.667h-3.247v8.245C23.395 27.195 28 22.135 28 16Z\"><\/path><\/svg><\/span><\/a><a aria-label=\"Whatsapp\" class=\"heateor_sss_whatsapp\" href=\"https:\/\/api.whatsapp.com\/send?text=PORTUGAL%20EASYCAMP%20-%20DOMAINES%20POUR%20LA%20NUIT%20EN%20CAMPING-CAR%20https%3A%2F%2Fportugaleasycamp.com%2Ffr%2Fwp-json%2Fwp%2Fv2%2Fpages%2F2123\" title=\"Whatsapp\" rel=\"nofollow noopener\" target=\"_blank\" style=\"font-size:32px!important;box-shadow:none;display:inline-block;vertical-align:middle\"><span class=\"heateor_sss_svg\" style=\"background-color:#55eb4c;width:30px;height:30px;border-radius:999px;display:inline-block;opacity:1;float:left;font-size:32px;box-shadow:none;display:inline-block;font-size:16px;padding:0 4px;vertical-align:middle;background-repeat:repeat;overflow:hidden;padding:0;cursor:pointer;box-sizing:content-box\"><svg style=\"display:block;border-radius:999px;\" focusable=\"false\" aria-hidden=\"true\" xmlns=\"http:\/\/www.w3.org\/2000\/svg\" width=\"100%\" height=\"100%\" viewBox=\"-6 -5 40 40\"><path class=\"heateor_sss_svg_stroke heateor_sss_no_fill\" stroke=\"#fff\" stroke-width=\"2\" fill=\"none\" d=\"M 11.579798566743314 24.396926207859085 A 10 10 0 1 0 6.808479557110079 20.73576436351046\"><\/path><path d=\"M 7 19 l -1 6 l 6 -1\" class=\"heateor_sss_no_fill heateor_sss_svg_stroke\" stroke=\"#fff\" stroke-width=\"2\" fill=\"none\"><\/path><path d=\"M 10 10 q -1 8 8 11 c 5 -1 0 -6 -1 -3 q -4 -3 -5 -5 c 4 -2 -1 -5 -1 -4\" fill=\"#fff\"><\/path><\/svg><\/span><\/a><a aria-label=\"Telegram\" class=\"heateor_sss_button_telegram\" href=\"https:\/\/telegram.me\/share\/url?url=https%3A%2F%2Fportugaleasycamp.com%2Ffr%2Fwp-json%2Fwp%2Fv2%2Fpages%2F2123&text=PORTUGAL%20EASYCAMP%20-%20DOMAINES%20POUR%20LA%20NUIT%20EN%20CAMPING-CAR\" title=\"Telegram\" rel=\"nofollow noopener\" target=\"_blank\" style=\"font-size:32px!important;box-shadow:none;display:inline-block;vertical-align:middle\"><span class=\"heateor_sss_svg heateor_sss_s__default heateor_sss_s_telegram\" style=\"background-color:#3da5f1;width:30px;height:30px;border-radius:999px;display:inline-block;opacity:1;float:left;font-size:32px;box-shadow:none;display:inline-block;font-size:16px;padding:0 4px;vertical-align:middle;background-repeat:repeat;overflow:hidden;padding:0;cursor:pointer;box-sizing:content-box\"><svg style=\"display:block;border-radius:999px;\" focusable=\"false\" aria-hidden=\"true\" xmlns=\"http:\/\/www.w3.org\/2000\/svg\" width=\"100%\" height=\"100%\" viewBox=\"0 0 32 32\"><path fill=\"#fff\" d=\"M25.515 6.896L6.027 14.41c-1.33.534-1.322 1.276-.243 1.606l5 1.56 1.72 5.66c.226.625.115.873.77.873.506 0 .73-.235 1.012-.51l2.43-2.363 5.056 3.734c.93.514 1.602.25 1.834-.863l3.32-15.638c.338-1.363-.52-1.98-1.41-1.577z\"><\/path><\/svg><\/span><\/a><a aria-label=\"Twitter\" class=\"heateor_sss_button_twitter\" href=\"https:\/\/twitter.com\/intent\/tweet?text=PORTUGAL%20EASYCAMP%20-%20DOMAINES%20POUR%20LA%20NUIT%20EN%20CAMPING-CAR&url=https%3A%2F%2Fportugaleasycamp.com%2Ffr%2Fwp-json%2Fwp%2Fv2%2Fpages%2F2123\" title=\"Twitter\" rel=\"nofollow noopener\" target=\"_blank\" style=\"font-size:32px!important;box-shadow:none;display:inline-block;vertical-align:middle\"><span class=\"heateor_sss_svg heateor_sss_s__default heateor_sss_s_twitter\" style=\"background-color:#55acee;width:30px;height:30px;border-radius:999px;display:inline-block;opacity:1;float:left;font-size:32px;box-shadow:none;display:inline-block;font-size:16px;padding:0 4px;vertical-align:middle;background-repeat:repeat;overflow:hidden;padding:0;cursor:pointer;box-sizing:content-box\"><svg style=\"display:block;border-radius:999px;\" focusable=\"false\" aria-hidden=\"true\" xmlns=\"http:\/\/www.w3.org\/2000\/svg\" width=\"100%\" height=\"100%\" viewBox=\"-4 -4 39 39\"><path d=\"M28 8.557a9.913 9.913 0 0 1-2.828.775 4.93 4.93 0 0 0 2.166-2.725 9.738 9.738 0 0 1-3.13 1.194 4.92 4.92 0 0 0-3.593-1.55 4.924 4.924 0 0 0-4.794 6.049c-4.09-.21-7.72-2.17-10.15-5.15a4.942 4.942 0 0 0-.665 2.477c0 1.71.87 3.214 2.19 4.1a4.968 4.968 0 0 1-2.23-.616v.06c0 2.39 1.7 4.38 3.952 4.83-.414.115-.85.174-1.297.174-.318 0-.626-.03-.928-.086a4.935 4.935 0 0 0 4.6 3.42 9.893 9.893 0 0 1-6.114 2.107c-.398 0-.79-.023-1.175-.068a13.953 13.953 0 0 0 7.55 2.213c9.056 0 14.01-7.507 14.01-14.013 0-.213-.005-.426-.015-.637.96-.695 1.795-1.56 2.455-2.55z\" fill=\"#fff\"><\/path><\/svg><\/span><\/a><a aria-label=\"Linkedin\" class=\"heateor_sss_button_linkedin\" href=\"https:\/\/www.linkedin.com\/sharing\/share-offsite\/?url=https%3A%2F%2Fportugaleasycamp.com%2Ffr%2Fwp-json%2Fwp%2Fv2%2Fpages%2F2123\" title=\"Linkedin\" rel=\"nofollow noopener\" target=\"_blank\" style=\"font-size:32px!important;box-shadow:none;display:inline-block;vertical-align:middle\"><span class=\"heateor_sss_svg heateor_sss_s__default heateor_sss_s_linkedin\" style=\"background-color:#0077b5;width:30px;height:30px;border-radius:999px;display:inline-block;opacity:1;float:left;font-size:32px;box-shadow:none;display:inline-block;font-size:16px;padding:0 4px;vertical-align:middle;background-repeat:repeat;overflow:hidden;padding:0;cursor:pointer;box-sizing:content-box\"><svg style=\"display:block;border-radius:999px;\" focusable=\"false\" aria-hidden=\"true\" xmlns=\"http:\/\/www.w3.org\/2000\/svg\" width=\"100%\" height=\"100%\" viewBox=\"0 0 32 32\"><path d=\"M6.227 12.61h4.19v13.48h-4.19V12.61zm2.095-6.7a2.43 2.43 0 0 1 0 4.86c-1.344 0-2.428-1.09-2.428-2.43s1.084-2.43 2.428-2.43m4.72 6.7h4.02v1.84h.058c.56-1.058 1.927-2.176 3.965-2.176 4.238 0 5.02 2.792 5.02 6.42v7.395h-4.183v-6.56c0-1.564-.03-3.574-2.178-3.574-2.18 0-2.514 1.7-2.514 3.46v6.668h-4.187V12.61z\" fill=\"#fff\"><\/path><\/svg><\/span><\/a><a aria-label=\"Email\" class=\"heateor_sss_email\" href=\"https:\/\/portugaleasycamp.com\/fr\/wp-json\/wp\/v2\/pages\/2123\" onclick=\"event.preventDefault();window.open('mailto:?subject=' + decodeURIComponent('PORTUGAL%20EASYCAMP%20-%20DOMAINES%20POUR%20LA%20NUIT%20EN%20CAMPING-CAR').replace('&', '%26') + '&body=https%3A%2F%2Fportugaleasycamp.com%2Ffr%2Fwp-json%2Fwp%2Fv2%2Fpages%2F2123', '_blank')\" title=\"Email\" rel=\"noopener\" style=\"font-size:32px!important;box-shadow:none;display:inline-block;vertical-align:middle\"><span class=\"heateor_sss_svg\" style=\"background-color:#649a3f;width:30px;height:30px;border-radius:999px;display:inline-block;opacity:1;float:left;font-size:32px;box-shadow:none;display:inline-block;font-size:16px;padding:0 4px;vertical-align:middle;background-repeat:repeat;overflow:hidden;padding:0;cursor:pointer;box-sizing:content-box\"><svg style=\"display:block;border-radius:999px;\" focusable=\"false\" aria-hidden=\"true\" xmlns=\"http:\/\/www.w3.org\/2000\/svg\" width=\"100%\" height=\"100%\" viewBox=\"-.75 -.5 36 36\"><path d=\"M 5.5 11 h 23 v 1 l -11 6 l -11 -6 v -1 m 0 2 l 11 6 l 11 -6 v 11 h -22 v -11\" stroke-width=\"1\" fill=\"#fff\"><\/path><\/svg><\/span><\/a><\/div><div class=\"heateorSssClear\"><\/div><\/div>","protected":false},"author":1,"featured_media":0,"parent":0,"menu_order":0,"comment_status":"closed","ping_status":"closed","template":"templates\/template-full-width.php","meta":{"_monsterinsights_skip_tracking":false,"_monsterinsights_sitenote_active":false,"_monsterinsights_sitenote_note":"","_monsterinsights_sitenote_category":0,"footnotes":""},"class_list":["post-2123","page","type-page","status-publish","hentry"],"aioseo_notices":[],"_links":{"self":[{"href":"https:\/\/portugaleasycamp.com\/fr\/wp-json\/wp\/v2\/pages\/2123","targetHints":{"allow":["GET"]}}],"collection":[{"href":"https:\/\/portugaleasycamp.com\/fr\/wp-json\/wp\/v2\/pages"}],"about":[{"href":"https:\/\/portugaleasycamp.com\/fr\/wp-json\/wp\/v2\/types\/page"}],"author":[{"embeddable":true,"href":"https:\/\/portugaleasycamp.com\/fr\/wp-json\/wp\/v2\/users\/1"}],"replies":[{"embeddable":true,"href":"https:\/\/portugaleasycamp.com\/fr\/wp-json\/wp\/v2\/comments?post=2123"}],"version-history":[{"count":637,"href":"https:\/\/portugaleasycamp.com\/fr\/wp-json\/wp\/v2\/pages\/2123\/revisions"}],"predecessor-version":[{"id":9377,"href":"https:\/\/portugaleasycamp.com\/fr\/wp-json\/wp\/v2\/pages\/2123\/revisions\/9377"}],"wp:attachment":[{"href":"https:\/\/portugaleasycamp.com\/fr\/wp-json\/wp\/v2\/media?parent=2123"}],"curies":[{"name":"wp","href":"https:\/\/api.w.org\/{rel}","templated":true}]}}