{"id":3,"date":"2019-03-26T14:31:04","date_gmt":"2019-03-26T14:31:04","guid":{"rendered":"https:\/\/portugaleasycamp.com\/?page_id=3"},"modified":"2022-02-15T15:27:22","modified_gmt":"2022-02-15T15:27:22","slug":"politica-privacidade","status":"publish","type":"page","link":"https:\/\/portugaleasycamp.com\/fr\/politica-privacidade\/","title":{"rendered":"Pol\u00edtica de privacidade"},"content":{"rendered":"\n\n<p>&nbsp;<\/p>\n\n\n<p>&nbsp;<\/p>\n\n\n\n\n\n<p>&nbsp;<\/p>\n\n\n\n<p>&nbsp;<\/p>\n<p>&nbsp;<\/p>\n<p>&nbsp;<\/p>\n<h4 class=\"wp-block-heading\">Pr\u00e9avis<\/h4>\n<p>La navigation sur le site internet Portugal Easycamp est r\u00e9gie par les conditions g\u00e9n\u00e9rales suivantes que le visiteur ou l&#8217;utilisateur s&#8217;engage \u00e0 respecter int\u00e9gralement. Si vous n&#8217;acceptez pas ces termes et conditions, le visiteur ou l&#8217;utilisateur ne doit pas utiliser ce site.<\/p>\n<h3><u>Politique de confidentialit\u00e9 et de s\u00e9curit\u00e9<\/u><\/h3>\n<p>Portugal Easycamp se soucie de votre vie priv\u00e9e et prot\u00e8ge les informations qui vous sont transmises.<\/p>\n<p>Portugal Easycamp \u00e9tablit le respect des principes de la l\u00e9gislation et de la protection des donn\u00e9es, en respectant toutes les lois et normes nationales. Ce site Web a pour objectif de communiquer des informations g\u00e9n\u00e9rales sur Portugal Easycamp et son activit\u00e9. Ce site Web fournit des liens qui peuvent mener \u00e0 d\u2019autres sites Web pour la commodit\u00e9 des utilisateurs. Cependant, Portugal Easycamp n&#8217;est pas responsable, n&#8217;approuve ou ne soutient en aucune mani\u00e8re ni ne souscrit au contenu formel de ces sites Web, ou des sites Web qui y sont li\u00e9s ou qui y sont r\u00e9f\u00e9renc\u00e9s. Portugal Easycamp n&#8217;est pas responsable vis-\u00e0-vis des utilisateurs de ce site web pour tout dommage r\u00e9sultant de l&#8217;utilisation ou de la divulgation des informations qu&#8217;il contient.<\/p>\n<h4>Disclaimer<\/h4>\n<p>Portugal Easycamp n&#8217;est pas responsable des erreurs, retards ou interruptions dans l&#8217;acc\u00e8s aux informations contenues dans ce site web en raison de circonstances ind\u00e9pendantes de sa volont\u00e9. Portugal Easycamp d\u00e9cline toute responsabilit\u00e9 pour tout d\u00e9faut ou virus dans le dysfonctionnement de l&#8217;\u00e9quipement ou de tout autre logiciel r\u00e9sultant de l&#8217;acc\u00e8s \u00e0 ou de l&#8217;utilisation de ce site web. Portugal Easycamp n&#8217;est pas responsable du fonctionnement ou de la non-disponibilit\u00e9 de ce site. Portugal Easycamp assume la responsabilit\u00e9 de l&#8217;utilisation incorrecte de ce site web. Portugal Easycamp rejette l&#8217;imputation de plaintes de tiers li\u00e9es \u00e0 l&#8217;utilisation de ce site web.<\/p>\n<h4>Links<\/h4>\n<p>Le site Web Portugal Easycamp contient les adresses d&#8217;autres sites Web et d&#8217;autres sources d&#8217;informations susceptibles d&#8217;int\u00e9resser le client. Portugal Easycamp d\u00e9cline toute responsabilit\u00e9 concernant les informations fournies par ces sites Web, et ne contr\u00f4le pas non plus le traitement des donn\u00e9es \u00e0 caract\u00e8re personnel et la politique de s\u00e9curit\u00e9 de ces sites.<\/p>\n<h4>Protection de l&#8217;information<\/h4>\n<p>Tous les droits de propri\u00e9t\u00e9 intellectuelle relatifs au contenu de ce site sont la propri\u00e9t\u00e9 exclusive et r\u00e9serv\u00e9e de Portugal Easycamp. Vous n&#8217;\u00eates pas autoris\u00e9 \u00e0 transmettre, distribuer, publier, modifier, vendre ou autrement utiliser les informations, y compris les images, contenues sur ce site. Le contenu de ce site est prot\u00e9g\u00e9 par le droit d&#8217;auteur. Portugal Easycamp n&#8217;autorise pas la copie permanente, en tout ou partie, de quelque mani\u00e8re que ce soit, du contenu de ce site internet, ni la mise en place de liens pointant vers ce site sur d&#8217;autres sites internet, sans l&#8217;autorisation \u00e9crite pr\u00e9alable de Portugal Easycamp. Seuls l&#8217;acc\u00e8s et le t\u00e9l\u00e9chargement du contenu de ces pages, ainsi que le stockage temporaire d&#8217;une copie, sont uniquement destin\u00e9s \u00e0 \u00eatre visionn\u00e9s.<\/p>\n<h4>Traitement des donn\u00e9es personnelles<\/h4>\nLa navigation sur ce site Web n&#8217;implique pas n\u00e9cessairement la fourniture de donn\u00e9es \u00e0 caract\u00e8re personnel, mais lorsque cela se produit, la vie priv\u00e9e de l&#8217;utilisateur est prot\u00e9g\u00e9e. Toutefois, un formulaire d\u2019acc\u00e8s en ligne est disponible sur ce site Web; il n\u00e9cessite la fourniture et la compl\u00e9tion de donn\u00e9es \u00e0 caract\u00e8re personnel, et est utilis\u00e9 conform\u00e9ment au formulaire. Lorsque des donn\u00e9es personnelles sont fournies, leur traitement est assur\u00e9 conform\u00e9ment \u00e0 la loi 67\/98 du 26 octobre. En utilisant le formulaire susmentionn\u00e9, vous consentez \u00e0 la collecte et au traitement de donn\u00e9es \u00e0 caract\u00e8re personnel conform\u00e9ment \u00e0 cette loi.\n<p>Pour toute question concernant le traitement de vos donn\u00e9es, veuillez contacter Portugal Easycamp \u00e0 l&#8217;adresse suivante:\nEasylife-Servi\u00e7os de Mobilidade Autom\u00f3vel, Lda\nEmail: info@portugaleasycamp.com\n<p>O\u00f9 sont mes donn\u00e9es? Les donn\u00e9es que vous nous transmettez sont au Portugal et sont trait\u00e9es au Portugal. Ils rel\u00e8vent donc du r\u00e8glement g\u00e9n\u00e9ral sur la protection des donn\u00e9es.<\/p>\n<h4>Objectifs du traitement<\/h4>\nLes donn\u00e9es personnelles que nous traitons via cette page ne seront utilis\u00e9es qu&#8217;aux fins suivantes:\n<ol start=\"1\">\n<li>Traitement des demandes de r\u00e9servation pour le partenaire s\u00e9lectionn\u00e9;<\/li>\n<li>Communication avec les clients et clarification des doutes;<\/li>\n<li>Traitement des demandes d&#8217;informations;<\/li>\n<li>Communications de marketing directes, notament newsletter;<\/li>\n<li>Demande de service \/ produit.<\/li>\n<\/ol>\n<h4>Terme de conservation<\/h4>\n<p>Nous ne conservons vos donn\u00e9es que le temps n\u00e9cessaire aux fins pour lesquelles elles ont \u00e9t\u00e9 collect\u00e9es.<\/p>\n<h4>Consentement<\/h4>\n<p>En consentant \u00e0 cette politique de confidentialit\u00e9, vous autorisez le traitement de vos donn\u00e9es personnelles sp\u00e9cifiquement aux fins identifi\u00e9es et s\u00e9lectionn\u00e9es. Si le consentement est l\u00e9galement requis pour le traitement de donn\u00e9es \u00e0 caract\u00e8re personnel, la personne concern\u00e9e a le droit de retirer son consentement \u00e0 tout moment, bien que ce droit ne compromette pas la lic\u00e9it\u00e9 du traitement sur la base d&#8217;un consentement pr\u00e9alable ou d&#8217;un traitement ult\u00e9rieur des donn\u00e9es. m\u00eames donn\u00e9es, reposant sur une autre base juridique, telle qu&#8217;une obligation l\u00e9gale \u00e0 laquelle Portugal Easycamp est soumis. Pour retirer votre consentement, vous pouvez nous contacter \u00e0 l&#8217;adresse e-mailinfo@portugaleasycamp.com.<\/p>\n<h4>Droits d&#8217;utilisateur<\/h4>\n<p>Vous pouvez exercer vos droits d&#8217;acc\u00e8s, de rectification, de suppression, de limitation, d&#8217;opposition et de portabilit\u00e9 \u00e0 tout moment sur demande des moyens suivants:<br \/>E-mail: info@portugaleasycamp.com<br \/><br \/>Le titulaire peut \u00e9galement adresser une plainte concernant le traitement de donn\u00e9es \u00e0 la Commission nationale de la protection des donn\u00e9es.<\/p>\n<h4>Liens vers d&#8217;autres sites Web<\/h4>\n<p>Portugal Le site Web Easycamp peut contenir des liens vers d&#8217;autres sites Web appartenant \u00e0 des tiers. Portugal Easycamp n&#8217;est pas responsable de l&#8217;examen ou de l&#8217;\u00e9valuation, et ne garantit ni les produits ni les offres de ces entreprises ou individus, ni l&#8217;exactitude de ces sites. Portugal Easycamp n&#8217;assume aucune responsabilit\u00e9 pour les actions, produits et contenus des sites Web auxquels ce site est li\u00e9. Avant d&#8217;acc\u00e9der \u00e0 un site Web tiers, vous devez examiner les conditions d&#8217;utilisation et les politiques applicables de ce site Web.<\/p>\n<h4>\u00c0 qui Portugal Easycamp peut r\u00e9v\u00e9ler mes donn\u00e9es?<\/h4>\nPortugal Easycamp n&#8217;a pas pour activit\u00e9 de vendre ni d&#8217;exploiter commercialement des donn\u00e9es ou des donn\u00e9es relatives \u00e0 des donn\u00e9es r\u00e9sultant d&#8217;une activit\u00e9 de profilage; Par cons\u00e9quent, la divulgation des donn\u00e9es \u00e0 des tiers est tr\u00e8s limit\u00e9e et ne se produira que dans le strict respect de la loi et des termes suivants:\n<li>Portugal Easycamp peut partager des donn\u00e9es avec des partenaires et d&#8217;autres soci\u00e9t\u00e9s dans le cadre de relations de partenariat \u00e9tablies dans le cadre de ses activit\u00e9s;<\/li>\n<li>Donn\u00e9es de l&#8217;administrateur pour la s\u00e9curit\u00e9 du site Web et \/ ou la fraude active et la pr\u00e9vention des attaques;<\/li>\n<li>dans le fonctionnement du stockage de donn\u00e9es ayant garanti contractuellement \u00e0 des tiers le respect de termes et conditions compatibles avec la pr\u00e9sente politique.<\/li>\n<h4>Autres dispositions g\u00e9n\u00e9rales<\/h4>\nPortugal Easycamp n&#8217;est pas responsable des dommages r\u00e9sultant de virus pouvant endommager le syst\u00e8me d&#8217;exploitation, le r\u00e9seau ou d&#8217;autres biens de votre ordinateur en acc\u00e9dant au site Web de Portugal Easycamp avec le transfert de contenu de celui-ci vers votre ordinateur ou votre r\u00e9seau.\nPortugal Easycamp se r\u00e9serve le droit de modifier les pr\u00e9sentes conditions \u00e0 tout moment et sans pr\u00e9avis.\n<h4>Loi applicable<\/h4>\n<p>Ce site Web et ces informations juridiques seront r\u00e9gis et interpr\u00e9t\u00e9s par le droit portugais.<\/p>\n<p>Les litiges d\u00e9coulant de ou li\u00e9s \u00e0 ces informations seront r\u00e9gl\u00e9s par les tribunaux portugais avec renonciation expresse \u00e0 toute autre.<\/p>\n<p>&nbsp;<\/p>\n<h3><u>Cookies<\/u><\/h3>\n<p>Chez Portugal Easycamp, la protection des clients est une pr\u00e9occupation sans exception, sachant toujours que l&#8217;\u00e9change de donn\u00e9es entre les utilisateurs et Internet n\u00e9cessite une s\u00e9curit\u00e9 maximale des informations collect\u00e9es.<\/p>\n<p>L&#8217;utilisateur peut visiter le site Web de mani\u00e8re anonyme \u00e0 tout moment et il est certain que le site utilise toujours un m\u00e9canisme appel\u00e9 cookies, qui sont de petits fichiers texte stock\u00e9s sur l&#8217;ordinateur de l&#8217;utilisateur et permettent \u00e0 Portugal Easycamp d&#8217;acc\u00e9der aux clients. plus efficace et plus rapide. Toutes les informations fournies sont trait\u00e9es de mani\u00e8re confidentielle et conform\u00e9ment \u00e0 toutes les lois sur la protection des donn\u00e9es. Portugal Easycamp s&#8217;engage \u00e0 pr\u00e9server la confidentialit\u00e9 de toutes les informations recueillies.<br \/><br \/>Portugal Easycamp fournit des informations personnalis\u00e9es \u00e0 ses partenaires et le site Web stocke des informations statistiques agr\u00e9g\u00e9es sur les pr\u00e9f\u00e9rences de ses visiteurs. <br \/><br \/>Les <em>cookies<\/em> permettent au site Web de reconna\u00eetre un utilisateur d&#8217;ordinateur lors d&#8217;une visite ult\u00e9rieure, ce qui fait de la nouvelle visite une continuation de la pr\u00e9c\u00e9dente. <br \/><br \/>Tous les utilisateurs permettent d&#8217;accepter, de refuser ou de supprimer les cookies en modifiant les param\u00e8tres de leur navigateur Web. Les modifications de param\u00e8tres peuvent \u00eatre effectu\u00e9es via les param\u00e8tres sp\u00e9cifiques de votre navigateur Web. Veuillez noter que le refus des cookies peut ralentir l&#8217;acc\u00e8s au site et emp\u00eacher l&#8217;acc\u00e8s \u00e0 certaines zones du site.<\/p>\n","protected":false},"excerpt":{"rendered":"<p>&nbsp; &nbsp; &nbsp; &nbsp; &nbsp; &nbsp; Pr\u00e9avis La navigation sur le site internet Portugal Easycamp est r\u00e9gie par les conditions g\u00e9n\u00e9rales suivantes que le visiteur ou l&#8217;utilisateur s&#8217;engage \u00e0 respecter int\u00e9gralement. Si vous n&#8217;acceptez pas ces termes et conditions, le visiteur ou l&#8217;utilisateur ne doit pas utiliser ce site. Politique de confidentialit\u00e9 et de s\u00e9curit\u00e9 [&hellip;]<\/p>\n<div class='heateor_sss_sharing_container heateor_sss_vertical_sharing' style='width:34px;right: -5px;top: 100px;-webkit-box-shadow:none;box-shadow:none;' data-heateor-sss-href='https:\/\/portugaleasycamp.com\/fr\/wp-json\/wp\/v2\/pages\/3'><div class=\"heateor_sss_sharing_ul\"><a aria-label=\"Facebook\" class=\"heateor_sss_facebook\" href=\"https:\/\/www.facebook.com\/sharer\/sharer.php?u=https%3A%2F%2Fportugaleasycamp.com%2Ffr%2Fwp-json%2Fwp%2Fv2%2Fpages%2F3\" title=\"Facebook\" rel=\"nofollow noopener\" target=\"_blank\" style=\"font-size:32px!important;box-shadow:none;display:inline-block;vertical-align:middle\"><span class=\"heateor_sss_svg\" style=\"background-color:#0765FE;width:30px;height:30px;border-radius:999px;display:inline-block;opacity:1;float:left;font-size:32px;box-shadow:none;display:inline-block;font-size:16px;padding:0 4px;vertical-align:middle;background-repeat:repeat;overflow:hidden;padding:0;cursor:pointer;box-sizing:content-box\"><svg style=\"display:block;border-radius:999px;\" focusable=\"false\" aria-hidden=\"true\" xmlns=\"http:\/\/www.w3.org\/2000\/svg\" width=\"100%\" height=\"100%\" viewBox=\"0 0 32 32\"><path fill=\"#fff\" d=\"M28 16c0-6.627-5.373-12-12-12S4 9.373 4 16c0 5.628 3.875 10.35 9.101 11.647v-7.98h-2.474V16H13.1v-1.58c0-4.085 1.849-5.978 5.859-5.978.76 0 2.072.15 2.608.298v3.325c-.283-.03-.775-.045-1.386-.045-1.967 0-2.728.745-2.728 2.683V16h3.92l-.673 3.667h-3.247v8.245C23.395 27.195 28 22.135 28 16Z\"><\/path><\/svg><\/span><\/a><a aria-label=\"Whatsapp\" class=\"heateor_sss_whatsapp\" href=\"https:\/\/api.whatsapp.com\/send?text=PORTUGAL%20EASYCAMP%20-%20DOMAINES%20POUR%20LA%20NUIT%20EN%20CAMPING-CAR%20https%3A%2F%2Fportugaleasycamp.com%2Ffr%2Fwp-json%2Fwp%2Fv2%2Fpages%2F3\" title=\"Whatsapp\" rel=\"nofollow noopener\" target=\"_blank\" style=\"font-size:32px!important;box-shadow:none;display:inline-block;vertical-align:middle\"><span class=\"heateor_sss_svg\" style=\"background-color:#55eb4c;width:30px;height:30px;border-radius:999px;display:inline-block;opacity:1;float:left;font-size:32px;box-shadow:none;display:inline-block;font-size:16px;padding:0 4px;vertical-align:middle;background-repeat:repeat;overflow:hidden;padding:0;cursor:pointer;box-sizing:content-box\"><svg style=\"display:block;border-radius:999px;\" focusable=\"false\" aria-hidden=\"true\" xmlns=\"http:\/\/www.w3.org\/2000\/svg\" width=\"100%\" height=\"100%\" viewBox=\"-6 -5 40 40\"><path class=\"heateor_sss_svg_stroke heateor_sss_no_fill\" stroke=\"#fff\" stroke-width=\"2\" fill=\"none\" d=\"M 11.579798566743314 24.396926207859085 A 10 10 0 1 0 6.808479557110079 20.73576436351046\"><\/path><path d=\"M 7 19 l -1 6 l 6 -1\" class=\"heateor_sss_no_fill heateor_sss_svg_stroke\" stroke=\"#fff\" stroke-width=\"2\" fill=\"none\"><\/path><path d=\"M 10 10 q -1 8 8 11 c 5 -1 0 -6 -1 -3 q -4 -3 -5 -5 c 4 -2 -1 -5 -1 -4\" fill=\"#fff\"><\/path><\/svg><\/span><\/a><a aria-label=\"Telegram\" class=\"heateor_sss_button_telegram\" href=\"https:\/\/telegram.me\/share\/url?url=https%3A%2F%2Fportugaleasycamp.com%2Ffr%2Fwp-json%2Fwp%2Fv2%2Fpages%2F3&text=PORTUGAL%20EASYCAMP%20-%20DOMAINES%20POUR%20LA%20NUIT%20EN%20CAMPING-CAR\" title=\"Telegram\" rel=\"nofollow noopener\" target=\"_blank\" style=\"font-size:32px!important;box-shadow:none;display:inline-block;vertical-align:middle\"><span class=\"heateor_sss_svg heateor_sss_s__default heateor_sss_s_telegram\" style=\"background-color:#3da5f1;width:30px;height:30px;border-radius:999px;display:inline-block;opacity:1;float:left;font-size:32px;box-shadow:none;display:inline-block;font-size:16px;padding:0 4px;vertical-align:middle;background-repeat:repeat;overflow:hidden;padding:0;cursor:pointer;box-sizing:content-box\"><svg style=\"display:block;border-radius:999px;\" focusable=\"false\" aria-hidden=\"true\" xmlns=\"http:\/\/www.w3.org\/2000\/svg\" width=\"100%\" height=\"100%\" viewBox=\"0 0 32 32\"><path fill=\"#fff\" d=\"M25.515 6.896L6.027 14.41c-1.33.534-1.322 1.276-.243 1.606l5 1.56 1.72 5.66c.226.625.115.873.77.873.506 0 .73-.235 1.012-.51l2.43-2.363 5.056 3.734c.93.514 1.602.25 1.834-.863l3.32-15.638c.338-1.363-.52-1.98-1.41-1.577z\"><\/path><\/svg><\/span><\/a><a aria-label=\"Twitter\" class=\"heateor_sss_button_twitter\" href=\"https:\/\/twitter.com\/intent\/tweet?text=PORTUGAL%20EASYCAMP%20-%20DOMAINES%20POUR%20LA%20NUIT%20EN%20CAMPING-CAR&url=https%3A%2F%2Fportugaleasycamp.com%2Ffr%2Fwp-json%2Fwp%2Fv2%2Fpages%2F3\" title=\"Twitter\" rel=\"nofollow noopener\" target=\"_blank\" style=\"font-size:32px!important;box-shadow:none;display:inline-block;vertical-align:middle\"><span class=\"heateor_sss_svg heateor_sss_s__default heateor_sss_s_twitter\" style=\"background-color:#55acee;width:30px;height:30px;border-radius:999px;display:inline-block;opacity:1;float:left;font-size:32px;box-shadow:none;display:inline-block;font-size:16px;padding:0 4px;vertical-align:middle;background-repeat:repeat;overflow:hidden;padding:0;cursor:pointer;box-sizing:content-box\"><svg style=\"display:block;border-radius:999px;\" focusable=\"false\" aria-hidden=\"true\" xmlns=\"http:\/\/www.w3.org\/2000\/svg\" width=\"100%\" height=\"100%\" viewBox=\"-4 -4 39 39\"><path d=\"M28 8.557a9.913 9.913 0 0 1-2.828.775 4.93 4.93 0 0 0 2.166-2.725 9.738 9.738 0 0 1-3.13 1.194 4.92 4.92 0 0 0-3.593-1.55 4.924 4.924 0 0 0-4.794 6.049c-4.09-.21-7.72-2.17-10.15-5.15a4.942 4.942 0 0 0-.665 2.477c0 1.71.87 3.214 2.19 4.1a4.968 4.968 0 0 1-2.23-.616v.06c0 2.39 1.7 4.38 3.952 4.83-.414.115-.85.174-1.297.174-.318 0-.626-.03-.928-.086a4.935 4.935 0 0 0 4.6 3.42 9.893 9.893 0 0 1-6.114 2.107c-.398 0-.79-.023-1.175-.068a13.953 13.953 0 0 0 7.55 2.213c9.056 0 14.01-7.507 14.01-14.013 0-.213-.005-.426-.015-.637.96-.695 1.795-1.56 2.455-2.55z\" fill=\"#fff\"><\/path><\/svg><\/span><\/a><a aria-label=\"Linkedin\" class=\"heateor_sss_button_linkedin\" href=\"https:\/\/www.linkedin.com\/sharing\/share-offsite\/?url=https%3A%2F%2Fportugaleasycamp.com%2Ffr%2Fwp-json%2Fwp%2Fv2%2Fpages%2F3\" title=\"Linkedin\" rel=\"nofollow noopener\" target=\"_blank\" style=\"font-size:32px!important;box-shadow:none;display:inline-block;vertical-align:middle\"><span class=\"heateor_sss_svg heateor_sss_s__default heateor_sss_s_linkedin\" style=\"background-color:#0077b5;width:30px;height:30px;border-radius:999px;display:inline-block;opacity:1;float:left;font-size:32px;box-shadow:none;display:inline-block;font-size:16px;padding:0 4px;vertical-align:middle;background-repeat:repeat;overflow:hidden;padding:0;cursor:pointer;box-sizing:content-box\"><svg style=\"display:block;border-radius:999px;\" focusable=\"false\" aria-hidden=\"true\" xmlns=\"http:\/\/www.w3.org\/2000\/svg\" width=\"100%\" height=\"100%\" viewBox=\"0 0 32 32\"><path d=\"M6.227 12.61h4.19v13.48h-4.19V12.61zm2.095-6.7a2.43 2.43 0 0 1 0 4.86c-1.344 0-2.428-1.09-2.428-2.43s1.084-2.43 2.428-2.43m4.72 6.7h4.02v1.84h.058c.56-1.058 1.927-2.176 3.965-2.176 4.238 0 5.02 2.792 5.02 6.42v7.395h-4.183v-6.56c0-1.564-.03-3.574-2.178-3.574-2.18 0-2.514 1.7-2.514 3.46v6.668h-4.187V12.61z\" fill=\"#fff\"><\/path><\/svg><\/span><\/a><a aria-label=\"Email\" class=\"heateor_sss_email\" href=\"https:\/\/portugaleasycamp.com\/fr\/wp-json\/wp\/v2\/pages\/3\" onclick=\"event.preventDefault();window.open('mailto:?subject=' + decodeURIComponent('PORTUGAL%20EASYCAMP%20-%20DOMAINES%20POUR%20LA%20NUIT%20EN%20CAMPING-CAR').replace('&', '%26') + '&body=https%3A%2F%2Fportugaleasycamp.com%2Ffr%2Fwp-json%2Fwp%2Fv2%2Fpages%2F3', '_blank')\" title=\"Email\" rel=\"noopener\" style=\"font-size:32px!important;box-shadow:none;display:inline-block;vertical-align:middle\"><span class=\"heateor_sss_svg\" style=\"background-color:#649a3f;width:30px;height:30px;border-radius:999px;display:inline-block;opacity:1;float:left;font-size:32px;box-shadow:none;display:inline-block;font-size:16px;padding:0 4px;vertical-align:middle;background-repeat:repeat;overflow:hidden;padding:0;cursor:pointer;box-sizing:content-box\"><svg style=\"display:block;border-radius:999px;\" focusable=\"false\" aria-hidden=\"true\" xmlns=\"http:\/\/www.w3.org\/2000\/svg\" width=\"100%\" height=\"100%\" viewBox=\"-.75 -.5 36 36\"><path d=\"M 5.5 11 h 23 v 1 l -11 6 l -11 -6 v -1 m 0 2 l 11 6 l 11 -6 v 11 h -22 v -11\" stroke-width=\"1\" fill=\"#fff\"><\/path><\/svg><\/span><\/a><\/div><div class=\"heateorSssClear\"><\/div><\/div>","protected":false},"author":1,"featured_media":0,"parent":0,"menu_order":0,"comment_status":"closed","ping_status":"open","template":"","meta":{"_monsterinsights_skip_tracking":false,"_monsterinsights_sitenote_active":false,"_monsterinsights_sitenote_note":"","_monsterinsights_sitenote_category":0,"footnotes":""},"class_list":["post-3","page","type-page","status-publish","hentry"],"aioseo_notices":[],"_links":{"self":[{"href":"https:\/\/portugaleasycamp.com\/fr\/wp-json\/wp\/v2\/pages\/3","targetHints":{"allow":["GET"]}}],"collection":[{"href":"https:\/\/portugaleasycamp.com\/fr\/wp-json\/wp\/v2\/pages"}],"about":[{"href":"https:\/\/portugaleasycamp.com\/fr\/wp-json\/wp\/v2\/types\/page"}],"author":[{"embeddable":true,"href":"https:\/\/portugaleasycamp.com\/fr\/wp-json\/wp\/v2\/users\/1"}],"replies":[{"embeddable":true,"href":"https:\/\/portugaleasycamp.com\/fr\/wp-json\/wp\/v2\/comments?post=3"}],"version-history":[{"count":63,"href":"https:\/\/portugaleasycamp.com\/fr\/wp-json\/wp\/v2\/pages\/3\/revisions"}],"predecessor-version":[{"id":7853,"href":"https:\/\/portugaleasycamp.com\/fr\/wp-json\/wp\/v2\/pages\/3\/revisions\/7853"}],"wp:attachment":[{"href":"https:\/\/portugaleasycamp.com\/fr\/wp-json\/wp\/v2\/media?parent=3"}],"curies":[{"name":"wp","href":"https:\/\/api.w.org\/{rel}","templated":true}]}}