{"id":89,"date":"2015-09-30T16:11:06","date_gmt":"2015-09-30T16:11:06","guid":{"rendered":"http:\/\/www.soaptheme.net\/wordpress\/citytours\/?page_id=89"},"modified":"2021-11-10T12:26:06","modified_gmt":"2021-11-10T12:26:06","slug":"faq","status":"publish","type":"page","link":"https:\/\/portugaleasycamp.com\/fr\/faq\/","title":{"rendered":"Foire aux Questions"},"content":{"rendered":"<p>[vc_accordion_tab title=&#8221;Comment puis-je trouver un domaine?&#8221;][vc_column_text]<\/p>\n<h4>Vous pouvez faire la recherche par nom ou faire un triage par type de domaine.<\/h4>\n<p>[\/vc_column_text][\/vc_accordion_tab][vc_accordion_tab title=&#8221;Existe-t-il un nombre maximum de domaines que je puisse visiter?&#8221;][vc_column_text]<\/p>\n<h4>Il n&#8217;existe aucune limitation, vous pouvez visiter plusieurs domaines, jour apr\u00e8s jour. Il suffit juste d&#8217;aceder au site, d&#8217;acheter le produit et de vous d\u00e9placer au domaine choisi.<\/h4>\n<p>[\/vc_column_text][\/vc_accordion_tab][vc_accordion_tab title=&#8221;Comment puis-je savoir l&#8217;horaire d&#8217;accueil du domaine?&#8221;][vc_column_text]<\/p>\n<h4>Chaque domaine a sa propre information d\u00e9taill\u00e8e sur le type d&#8217;infrastructures disponibles, les horaires, les produits et des photos.<\/h4>\n<p>[\/vc_column_text][\/vc_accordion_tab][vc_accordion_tab title=&#8221;Quels types de v\u00e9hicules sont autoris\u00e9s?&#8221;][vc_column_text]<\/p>\n<h4>Les camping-car doivent \u00eatre compl\u00e8tement autonomes avec de l&#8217;eau, des sanitaires et d\u00e9chets, \u00e9tant donn\u00e9 que les domaines ne sont pas une aire de stationnement pour camping-caristes avec les infrastructures n\u00e9cessaires. Les caravanes ne sont pas \u00e9ligibles, soit parce que l&#8217;acc\u00e8s aux fermes et les espaces eux-m\u00eames sont parfois impraticables pour ce type de v\u00e9hicule, soit en raison de la mobilit\u00e9 elle-m\u00eame.<\/h4>\n<p>[\/vc_column_text][\/vc_accordion_tab][vc_accordion_tab title=&#8221;Puis-je venir sans avoir r\u00e9server?&#8221;][vc_column_text]<\/p>\n<h4>Non, il faudra toujours acc\u00e9der au site, acheter le produit, avant de vous d\u00e9placer au domaine choisi.<\/h4>\n<p>[\/vc_column_text][\/vc_accordion_tab][vc_accordion_tab title=&#8221;Pendant combien de temps puis-je rester dans le domaine?&#8221;][vc_column_text]<\/p>\n<h4>Le concept EasyCamp est \u00e9tabli pour une \u00e9tape d&#8217;une dur\u00e9e de 24 heures.<\/h4>\n<p>[\/vc_column_text][\/vc_accordion_tab][vc_accordion_tab title=&#8221;Puis-je arriver apr\u00e8s les heures d&#8217;ouverture?&#8221;][vc_column_text]<\/p>\n<h4>Non, l&#8217;acc\u00e8s au domaine pourra \u00eatre ferm\u00e9, il n&#8217;y aura personne pour vous indiquer l&#8217;emplacement et vous ne pourrez pas retirer votre achat.<\/h4>\n<p>[\/vc_column_text][\/vc_accordion_tab][vc_accordion_tab title=&#8221;Les animaux de compagnie sont-ils permis?&#8221;][vc_column_text]<\/p>\n<h4>Chaque domaine a ses propres informations sur la possibilite d&#8217;accepter des animaux de compagnie. Si cela est permis, n&#8217;oubliez pas que vous serez dans un endroit priv\u00e9, vous devrez surveiller votre animal et laisser l&#8217;endroit propre.<\/h4>\n<p>[\/vc_column_text][\/vc_accordion_tab][vc_accordion_tab title=&#8221;Les domaines fournissent-ils de l&#8217;electricit\u00e9, de l&#8217;eau ou une zone de d\u00e9chets?&#8221;][vc_column_text]<\/p>\n<h4>Normalement non, n\u00e9anmoins il peut exister des exceptions qui sont indiqu\u00e9es sur les informations du domaine en particulier.<\/h4>\n<p>[\/vc_column_text][\/vc_accordion_tab][vc_accordion_tab title=&#8221;Les domaines sont-ils ouverts toute l&#8217;ann\u00e9e?&#8221;][vc_column_text]<\/p>\n<h4>La plupart des domaines sont ouverts toute l&#8217;ann\u00e9e, n\u00e9anmoins, en raison d&#8217;activit\u00e9s saisonni\u00e8res ou de c\u00e9l\u00e9brations, nous vous conseillons de consulter les informations de chaque domaine en particulier.<\/h4>\n<p>[\/vc_column_text][\/vc_accordion_tab][vc_accordion_tab title=&#8221;Combien de temps \u00e0 l&#8217;avance dois-je effectuer ma r\u00e9servation?&#8221;][vc_column_text]<\/p>\n<h4>De pr\u00e9f\u00e9rence, faites votre r\u00e9servation jusqu&#8217;\u00e0 la veille de votre arriv\u00e9e, mais vous pourrez n\u00e9anmoins la faire le jour m\u00eame.<\/h4>\n<p>[\/vc_column_text][\/vc_accordion_tab][vc_accordion_tab title=&#8221;Quels types de produits sont vendus dans les domaines?&#8221;][vc_column_text]<\/p>\n<h4>Chaque domaine a son information sp\u00e9cifique sur ses produits, la plus part d&#8217;entre eux sont du vin, de l&#8217;huile d&#8217;olive, du fromage, du miel et des produits agricoles.<\/h4>\n<p>[\/vc_column_text][\/vc_accordion_tab][vc_accordion_tab title=&#8221;Comment puis-je faire preuve de l&#8217;achat de mon produit pour le domaine choisi?&#8221;][vc_column_text]<\/p>\n<h4>D\u00e8s que le paiement du produit est accept\u00e9 vous recevez un justificatif par email que vous devrez pr\u00e9senter lors de votre arriv\u00e9e au domaine.<\/h4>\n<p>[\/vc_column_text][\/vc_accordion_tab][vc_accordion_tab title=&#8221;Comment sont les aires de stationnement?&#8221;][vc_column_text]<\/p>\n<h4>Les aires de stationnement sont sur terrain plat, sans arbres, pour \u00e9viter toute difficult\u00e9 de manoeuvres avec votre camping-car; chaque domaine \u00e0 sa propre information sp\u00e9cifique.<\/h4>\n<p>[\/vc_column_text][\/vc_accordion_tab][vc_accordion_tab title=&#8221;Comment proc\u00e9der en cas de dommages?&#8221;][vc_column_text]<\/p>\n<h4>Si un dommage survient sous votre responsabilit\u00e9, votre assurance doit \u00eatre activ\u00e9e et signal\u00e9e au propri\u00e9taire.<\/h4>\n<p>[\/vc_column_text][\/vc_accordion_tab][vc_column offset=&#8221;vc_col-md-6&#8243; css=&#8221;.vc_custom_1443547563728{background-image: url() !important;}&#8221; el_class=&#8221;nopadding features-bg&#8221;][vc_column_text]<\/p>\n<h4>Laissez <a href=\"https:\/\/portugaleasycamp.com\/contatos\/\">ici<\/a> votre message pour tout autre \u00e9claircissement.<\/h4>\n<p>[\/vc_column_text][vc_btn title=&#8221;R\u00c9SERVER&#8221; color=&#8221;turquoise&#8221; align=&#8221;left&#8221; link=&#8221;url:https%3A%2F%2Fportugaleasycamp.com%2Ffr%2Ffull-page-map%2F|||&#8221;][\/vc_column][vc_column width=&#8221;1\/2&#8243;][\/vc_column][vc_column width=&#8221;1\/2&#8243;][\/vc_column]<\/p>\n","protected":false},"excerpt":{"rendered":"<p>[vc_accordion_tab title=&#8221;Comment puis-je trouver un domaine?&#8221;][vc_column_text] Vous pouvez faire la recherche par nom ou faire un triage par type de domaine. [\/vc_column_text][\/vc_accordion_tab][vc_accordion_tab title=&#8221;Existe-t-il un nombre maximum de domaines que je puisse visiter?&#8221;][vc_column_text] Il n&#8217;existe aucune limitation, vous pouvez visiter plusieurs domaines, jour apr\u00e8s jour. Il suffit juste d&#8217;aceder au site, d&#8217;acheter le produit et de [&hellip;]<\/p>\n<div class='heateor_sss_sharing_container heateor_sss_vertical_sharing' style='width:34px;right: -5px;top: 100px;-webkit-box-shadow:none;box-shadow:none;' data-heateor-sss-href='https:\/\/portugaleasycamp.com\/fr\/wp-json\/wp\/v2\/pages\/89'><div class=\"heateor_sss_sharing_ul\"><a aria-label=\"Facebook\" class=\"heateor_sss_facebook\" href=\"https:\/\/www.facebook.com\/sharer\/sharer.php?u=https%3A%2F%2Fportugaleasycamp.com%2Ffr%2Fwp-json%2Fwp%2Fv2%2Fpages%2F89\" title=\"Facebook\" rel=\"nofollow noopener\" target=\"_blank\" style=\"font-size:32px!important;box-shadow:none;display:inline-block;vertical-align:middle\"><span class=\"heateor_sss_svg\" style=\"background-color:#0765FE;width:30px;height:30px;border-radius:999px;display:inline-block;opacity:1;float:left;font-size:32px;box-shadow:none;display:inline-block;font-size:16px;padding:0 4px;vertical-align:middle;background-repeat:repeat;overflow:hidden;padding:0;cursor:pointer;box-sizing:content-box\"><svg style=\"display:block;border-radius:999px;\" focusable=\"false\" aria-hidden=\"true\" xmlns=\"http:\/\/www.w3.org\/2000\/svg\" width=\"100%\" height=\"100%\" viewBox=\"0 0 32 32\"><path fill=\"#fff\" d=\"M28 16c0-6.627-5.373-12-12-12S4 9.373 4 16c0 5.628 3.875 10.35 9.101 11.647v-7.98h-2.474V16H13.1v-1.58c0-4.085 1.849-5.978 5.859-5.978.76 0 2.072.15 2.608.298v3.325c-.283-.03-.775-.045-1.386-.045-1.967 0-2.728.745-2.728 2.683V16h3.92l-.673 3.667h-3.247v8.245C23.395 27.195 28 22.135 28 16Z\"><\/path><\/svg><\/span><\/a><a aria-label=\"Whatsapp\" class=\"heateor_sss_whatsapp\" href=\"https:\/\/api.whatsapp.com\/send?text=PORTUGAL%20EASYCAMP%20-%20DOMAINES%20POUR%20LA%20NUIT%20EN%20CAMPING-CAR%20https%3A%2F%2Fportugaleasycamp.com%2Ffr%2Fwp-json%2Fwp%2Fv2%2Fpages%2F89\" title=\"Whatsapp\" rel=\"nofollow noopener\" target=\"_blank\" style=\"font-size:32px!important;box-shadow:none;display:inline-block;vertical-align:middle\"><span class=\"heateor_sss_svg\" style=\"background-color:#55eb4c;width:30px;height:30px;border-radius:999px;display:inline-block;opacity:1;float:left;font-size:32px;box-shadow:none;display:inline-block;font-size:16px;padding:0 4px;vertical-align:middle;background-repeat:repeat;overflow:hidden;padding:0;cursor:pointer;box-sizing:content-box\"><svg style=\"display:block;border-radius:999px;\" focusable=\"false\" aria-hidden=\"true\" xmlns=\"http:\/\/www.w3.org\/2000\/svg\" width=\"100%\" height=\"100%\" viewBox=\"-6 -5 40 40\"><path class=\"heateor_sss_svg_stroke heateor_sss_no_fill\" stroke=\"#fff\" stroke-width=\"2\" fill=\"none\" d=\"M 11.579798566743314 24.396926207859085 A 10 10 0 1 0 6.808479557110079 20.73576436351046\"><\/path><path d=\"M 7 19 l -1 6 l 6 -1\" class=\"heateor_sss_no_fill heateor_sss_svg_stroke\" stroke=\"#fff\" stroke-width=\"2\" fill=\"none\"><\/path><path d=\"M 10 10 q -1 8 8 11 c 5 -1 0 -6 -1 -3 q -4 -3 -5 -5 c 4 -2 -1 -5 -1 -4\" fill=\"#fff\"><\/path><\/svg><\/span><\/a><a aria-label=\"Telegram\" class=\"heateor_sss_button_telegram\" href=\"https:\/\/telegram.me\/share\/url?url=https%3A%2F%2Fportugaleasycamp.com%2Ffr%2Fwp-json%2Fwp%2Fv2%2Fpages%2F89&text=PORTUGAL%20EASYCAMP%20-%20DOMAINES%20POUR%20LA%20NUIT%20EN%20CAMPING-CAR\" title=\"Telegram\" rel=\"nofollow noopener\" target=\"_blank\" style=\"font-size:32px!important;box-shadow:none;display:inline-block;vertical-align:middle\"><span class=\"heateor_sss_svg heateor_sss_s__default heateor_sss_s_telegram\" style=\"background-color:#3da5f1;width:30px;height:30px;border-radius:999px;display:inline-block;opacity:1;float:left;font-size:32px;box-shadow:none;display:inline-block;font-size:16px;padding:0 4px;vertical-align:middle;background-repeat:repeat;overflow:hidden;padding:0;cursor:pointer;box-sizing:content-box\"><svg style=\"display:block;border-radius:999px;\" focusable=\"false\" aria-hidden=\"true\" xmlns=\"http:\/\/www.w3.org\/2000\/svg\" width=\"100%\" height=\"100%\" viewBox=\"0 0 32 32\"><path fill=\"#fff\" d=\"M25.515 6.896L6.027 14.41c-1.33.534-1.322 1.276-.243 1.606l5 1.56 1.72 5.66c.226.625.115.873.77.873.506 0 .73-.235 1.012-.51l2.43-2.363 5.056 3.734c.93.514 1.602.25 1.834-.863l3.32-15.638c.338-1.363-.52-1.98-1.41-1.577z\"><\/path><\/svg><\/span><\/a><a aria-label=\"Twitter\" class=\"heateor_sss_button_twitter\" href=\"https:\/\/twitter.com\/intent\/tweet?text=PORTUGAL%20EASYCAMP%20-%20DOMAINES%20POUR%20LA%20NUIT%20EN%20CAMPING-CAR&url=https%3A%2F%2Fportugaleasycamp.com%2Ffr%2Fwp-json%2Fwp%2Fv2%2Fpages%2F89\" title=\"Twitter\" rel=\"nofollow noopener\" target=\"_blank\" style=\"font-size:32px!important;box-shadow:none;display:inline-block;vertical-align:middle\"><span class=\"heateor_sss_svg heateor_sss_s__default heateor_sss_s_twitter\" style=\"background-color:#55acee;width:30px;height:30px;border-radius:999px;display:inline-block;opacity:1;float:left;font-size:32px;box-shadow:none;display:inline-block;font-size:16px;padding:0 4px;vertical-align:middle;background-repeat:repeat;overflow:hidden;padding:0;cursor:pointer;box-sizing:content-box\"><svg style=\"display:block;border-radius:999px;\" focusable=\"false\" aria-hidden=\"true\" xmlns=\"http:\/\/www.w3.org\/2000\/svg\" width=\"100%\" height=\"100%\" viewBox=\"-4 -4 39 39\"><path d=\"M28 8.557a9.913 9.913 0 0 1-2.828.775 4.93 4.93 0 0 0 2.166-2.725 9.738 9.738 0 0 1-3.13 1.194 4.92 4.92 0 0 0-3.593-1.55 4.924 4.924 0 0 0-4.794 6.049c-4.09-.21-7.72-2.17-10.15-5.15a4.942 4.942 0 0 0-.665 2.477c0 1.71.87 3.214 2.19 4.1a4.968 4.968 0 0 1-2.23-.616v.06c0 2.39 1.7 4.38 3.952 4.83-.414.115-.85.174-1.297.174-.318 0-.626-.03-.928-.086a4.935 4.935 0 0 0 4.6 3.42 9.893 9.893 0 0 1-6.114 2.107c-.398 0-.79-.023-1.175-.068a13.953 13.953 0 0 0 7.55 2.213c9.056 0 14.01-7.507 14.01-14.013 0-.213-.005-.426-.015-.637.96-.695 1.795-1.56 2.455-2.55z\" fill=\"#fff\"><\/path><\/svg><\/span><\/a><a aria-label=\"Linkedin\" class=\"heateor_sss_button_linkedin\" href=\"https:\/\/www.linkedin.com\/sharing\/share-offsite\/?url=https%3A%2F%2Fportugaleasycamp.com%2Ffr%2Fwp-json%2Fwp%2Fv2%2Fpages%2F89\" title=\"Linkedin\" rel=\"nofollow noopener\" target=\"_blank\" style=\"font-size:32px!important;box-shadow:none;display:inline-block;vertical-align:middle\"><span class=\"heateor_sss_svg heateor_sss_s__default heateor_sss_s_linkedin\" style=\"background-color:#0077b5;width:30px;height:30px;border-radius:999px;display:inline-block;opacity:1;float:left;font-size:32px;box-shadow:none;display:inline-block;font-size:16px;padding:0 4px;vertical-align:middle;background-repeat:repeat;overflow:hidden;padding:0;cursor:pointer;box-sizing:content-box\"><svg style=\"display:block;border-radius:999px;\" focusable=\"false\" aria-hidden=\"true\" xmlns=\"http:\/\/www.w3.org\/2000\/svg\" width=\"100%\" height=\"100%\" viewBox=\"0 0 32 32\"><path d=\"M6.227 12.61h4.19v13.48h-4.19V12.61zm2.095-6.7a2.43 2.43 0 0 1 0 4.86c-1.344 0-2.428-1.09-2.428-2.43s1.084-2.43 2.428-2.43m4.72 6.7h4.02v1.84h.058c.56-1.058 1.927-2.176 3.965-2.176 4.238 0 5.02 2.792 5.02 6.42v7.395h-4.183v-6.56c0-1.564-.03-3.574-2.178-3.574-2.18 0-2.514 1.7-2.514 3.46v6.668h-4.187V12.61z\" fill=\"#fff\"><\/path><\/svg><\/span><\/a><a aria-label=\"Email\" class=\"heateor_sss_email\" href=\"https:\/\/portugaleasycamp.com\/fr\/wp-json\/wp\/v2\/pages\/89\" onclick=\"event.preventDefault();window.open('mailto:?subject=' + decodeURIComponent('PORTUGAL%20EASYCAMP%20-%20DOMAINES%20POUR%20LA%20NUIT%20EN%20CAMPING-CAR').replace('&', '%26') + '&body=https%3A%2F%2Fportugaleasycamp.com%2Ffr%2Fwp-json%2Fwp%2Fv2%2Fpages%2F89', '_blank')\" title=\"Email\" rel=\"noopener\" style=\"font-size:32px!important;box-shadow:none;display:inline-block;vertical-align:middle\"><span class=\"heateor_sss_svg\" style=\"background-color:#649a3f;width:30px;height:30px;border-radius:999px;display:inline-block;opacity:1;float:left;font-size:32px;box-shadow:none;display:inline-block;font-size:16px;padding:0 4px;vertical-align:middle;background-repeat:repeat;overflow:hidden;padding:0;cursor:pointer;box-sizing:content-box\"><svg style=\"display:block;border-radius:999px;\" focusable=\"false\" aria-hidden=\"true\" xmlns=\"http:\/\/www.w3.org\/2000\/svg\" width=\"100%\" height=\"100%\" viewBox=\"-.75 -.5 36 36\"><path d=\"M 5.5 11 h 23 v 1 l -11 6 l -11 -6 v -1 m 0 2 l 11 6 l 11 -6 v 11 h -22 v -11\" stroke-width=\"1\" fill=\"#fff\"><\/path><\/svg><\/span><\/a><\/div><div class=\"heateorSssClear\"><\/div><\/div>","protected":false},"author":1,"featured_media":0,"parent":0,"menu_order":0,"comment_status":"closed","ping_status":"closed","template":"","meta":{"_monsterinsights_skip_tracking":false,"_monsterinsights_sitenote_active":false,"_monsterinsights_sitenote_note":"","_monsterinsights_sitenote_category":0,"footnotes":""},"class_list":["post-89","page","type-page","status-publish","hentry"],"aioseo_notices":[],"_links":{"self":[{"href":"https:\/\/portugaleasycamp.com\/fr\/wp-json\/wp\/v2\/pages\/89","targetHints":{"allow":["GET"]}}],"collection":[{"href":"https:\/\/portugaleasycamp.com\/fr\/wp-json\/wp\/v2\/pages"}],"about":[{"href":"https:\/\/portugaleasycamp.com\/fr\/wp-json\/wp\/v2\/types\/page"}],"author":[{"embeddable":true,"href":"https:\/\/portugaleasycamp.com\/fr\/wp-json\/wp\/v2\/users\/1"}],"replies":[{"embeddable":true,"href":"https:\/\/portugaleasycamp.com\/fr\/wp-json\/wp\/v2\/comments?post=89"}],"version-history":[{"count":106,"href":"https:\/\/portugaleasycamp.com\/fr\/wp-json\/wp\/v2\/pages\/89\/revisions"}],"predecessor-version":[{"id":7476,"href":"https:\/\/portugaleasycamp.com\/fr\/wp-json\/wp\/v2\/pages\/89\/revisions\/7476"}],"wp:attachment":[{"href":"https:\/\/portugaleasycamp.com\/fr\/wp-json\/wp\/v2\/media?parent=89"}],"curies":[{"name":"wp","href":"https:\/\/api.w.org\/{rel}","templated":true}]}}